{"id":413,"date":"2023-08-08T15:50:47","date_gmt":"2023-08-08T15:50:47","guid":{"rendered":"https:\/\/ancientmythology.org\/tr\/bize-ulasin\/"},"modified":"2023-10-29T06:23:43","modified_gmt":"2023-10-29T06:23:43","slug":"bize-ulasin","status":"publish","type":"page","link":"https:\/\/ancientmythology.org\/tr\/bize-ulasin\/","title":{"rendered":"Bize ula\u015f\u0131n"},"content":{"rendered":"<p><a href=\"https:\/\/ancientmythology.org\/tr\">Ancientmythology.org&#8217;u<\/a> ziyaret etti\u011finiz i\u00e7in te\u015fekk\u00fcr ederiz.<\/p>\n<p>\u0130lginizi takdir ediyoruz ve her t\u00fcrl\u00fc yorumunuzu, \u00f6nerinizi veya sorunuzu memnuniyetle kar\u015f\u0131l\u0131yoruz. Okuyucular\u0131m\u0131z\u0131 dinlemek, onlarla etkile\u015fime ge\u00e7mek ve ileti\u015fim kurmak i\u00e7in buraday\u0131z; bu nedenle l\u00fctfen a\u015fa\u011f\u0131daki formu kullanarak bizimle ileti\u015fime ge\u00e7mekten \u00e7ekinmeyin:<\/p>\n<p><iframe loading=\"lazy\" src=\"https:\/\/docs.google.com\/forms\/d\/e\/1FAIpQLSeQsJg8KTK6PUS-kfd-XOkWPtLRztLAuMYBYnHo5HLx1b6Caw\/viewform?embedded=true\" width=\"640\" height=\"771\" frameborder=\"0\" marginwidth=\"0\" marginheight=\"0\">Loading\u2026<\/iframe><\/p>\n","protected":false},"excerpt":{"rendered":"<p>Ancientmythology.org&#8217;u ziyaret etti\u011finiz i\u00e7in te\u015fekk\u00fcr ederiz. \u0130lginizi takdir ediyoruz ve her t\u00fcrl\u00fc yorumunuzu, \u00f6nerinizi veya sorunuzu memnuniyetle kar\u015f\u0131l\u0131yoruz. Okuyucular\u0131m\u0131z\u0131 dinlemek, onlarla etkile\u015fime ge\u00e7mek ve ileti\u015fim kurmak i\u00e7in buraday\u0131z; bu nedenle l\u00fctfen a\u015fa\u011f\u0131daki formu kullanarak bizimle ileti\u015fime ge\u00e7mekten \u00e7ekinmeyin: Loading\u2026<\/p>\n","protected":false},"author":1,"featured_media":0,"parent":0,"menu_order":0,"comment_status":"closed","ping_status":"closed","template":"","meta":{"footnotes":""},"class_list":["post-413","page","type-page","status-publish","hentry"],"yoast_head":"<!-- This site is optimized with the Yoast SEO plugin v21.4 - https:\/\/yoast.com\/wordpress\/plugins\/seo\/ -->\n<title>Bize Ula\u015f\u0131n - Ancient Mythology<\/title>\n<meta name=\"description\" content=\"\u0130lginizi takdir ediyoruz ve yorumlar\u0131n\u0131z\u0131, \u00f6nerilerinizi veya sorular\u0131n\u0131z\u0131 memnuniyetle kar\u015f\u0131l\u0131yoruz. A\u015fa\u011f\u0131daki ileti\u015fim formunu doldurarak\" \/>\n<meta name=\"robots\" content=\"index, follow, max-snippet:-1, max-image-preview:large, max-video-preview:-1\" \/>\n<link rel=\"canonical\" href=\"https:\/\/ancientmythology.org\/tr\/bize-ulasin\/\" \/>\n<meta property=\"og:locale\" content=\"tr_TR\" \/>\n<meta property=\"og:type\" content=\"article\" \/>\n<meta property=\"og:title\" content=\"Bize Ula\u015f\u0131n - Ancient Mythology\" \/>\n<meta property=\"og:description\" content=\"\u0130lginizi takdir ediyoruz ve yorumlar\u0131n\u0131z\u0131, \u00f6nerilerinizi veya sorular\u0131n\u0131z\u0131 memnuniyetle kar\u015f\u0131l\u0131yoruz. A\u015fa\u011f\u0131daki ileti\u015fim formunu doldurarak\" \/>\n<meta property=\"og:url\" content=\"https:\/\/ancientmythology.org\/tr\/bize-ulasin\/\" \/>\n<meta property=\"og:site_name\" content=\"Ancient Mythology\" \/>\n<meta property=\"article:modified_time\" content=\"2023-10-29T06:23:43+00:00\" \/>\n<meta name=\"twitter:card\" content=\"summary_large_image\" \/>\n<meta name=\"twitter:label1\" content=\"Tahmini okuma s\u00fcresi\" \/>\n\t<meta name=\"twitter:data1\" content=\"1 dakika\" \/>\n<script type=\"application\/ld+json\" class=\"yoast-schema-graph\">{\"@context\":\"https:\/\/schema.org\",\"@graph\":[{\"@type\":\"WebPage\",\"@id\":\"https:\/\/ancientmythology.org\/tr\/bize-ulasin\/\",\"url\":\"https:\/\/ancientmythology.org\/tr\/bize-ulasin\/\",\"name\":\"Bize Ula\u015f\u0131n - Ancient Mythology\",\"isPartOf\":{\"@id\":\"https:\/\/ancientmythology.org\/tr\/#website\"},\"datePublished\":\"2023-08-08T15:50:47+00:00\",\"dateModified\":\"2023-10-29T06:23:43+00:00\",\"description\":\"\u0130lginizi takdir ediyoruz ve yorumlar\u0131n\u0131z\u0131, \u00f6nerilerinizi veya sorular\u0131n\u0131z\u0131 memnuniyetle kar\u015f\u0131l\u0131yoruz. A\u015fa\u011f\u0131daki ileti\u015fim formunu doldurarak\",\"breadcrumb\":{\"@id\":\"https:\/\/ancientmythology.org\/tr\/bize-ulasin\/#breadcrumb\"},\"inLanguage\":\"tr\",\"potentialAction\":[{\"@type\":\"ReadAction\",\"target\":[\"https:\/\/ancientmythology.org\/tr\/bize-ulasin\/\"]}]},{\"@type\":\"BreadcrumbList\",\"@id\":\"https:\/\/ancientmythology.org\/tr\/bize-ulasin\/#breadcrumb\",\"itemListElement\":[{\"@type\":\"ListItem\",\"position\":1,\"name\":\"Ev\",\"item\":\"https:\/\/ancientmythology.org\/tr\/\"},{\"@type\":\"ListItem\",\"position\":2,\"name\":\"Bize ula\u015f\u0131n\"}]},{\"@type\":\"WebSite\",\"@id\":\"https:\/\/ancientmythology.org\/tr\/#website\",\"url\":\"https:\/\/ancientmythology.org\/tr\/\",\"name\":\"Ancient Mythology\",\"description\":\"D\u00fcnya mitolojisinin s\u0131rlar\u0131n\u0131 ke\u015ffedin!\",\"publisher\":{\"@id\":\"https:\/\/ancientmythology.org\/tr\/#organization\"},\"potentialAction\":[{\"@type\":\"SearchAction\",\"target\":{\"@type\":\"EntryPoint\",\"urlTemplate\":\"https:\/\/ancientmythology.org\/tr\/?s={search_term_string}\"},\"query-input\":\"required name=search_term_string\"}],\"inLanguage\":\"tr\"},{\"@type\":\"Organization\",\"@id\":\"https:\/\/ancientmythology.org\/tr\/#organization\",\"name\":\"Ancient Mythology\",\"url\":\"https:\/\/ancientmythology.org\/tr\/\",\"logo\":{\"@type\":\"ImageObject\",\"inLanguage\":\"tr\",\"@id\":\"https:\/\/ancientmythology.org\/tr\/#\/schema\/logo\/image\/\",\"url\":\"https:\/\/ancientmythology.org\/tr\/wp-content\/uploads\/2023\/10\/ancientmythology-logo.png\",\"contentUrl\":\"https:\/\/ancientmythology.org\/tr\/wp-content\/uploads\/2023\/10\/ancientmythology-logo.png\",\"width\":111,\"height\":50,\"caption\":\"Ancient Mythology\"},\"image\":{\"@id\":\"https:\/\/ancientmythology.org\/tr\/#\/schema\/logo\/image\/\"}}]}<\/script>\n<!-- \/ Yoast SEO plugin. -->","yoast_head_json":{"title":"Bize Ula\u015f\u0131n - Ancient Mythology","description":"\u0130lginizi takdir ediyoruz ve yorumlar\u0131n\u0131z\u0131, \u00f6nerilerinizi veya sorular\u0131n\u0131z\u0131 memnuniyetle kar\u015f\u0131l\u0131yoruz. A\u015fa\u011f\u0131daki ileti\u015fim formunu doldurarak","robots":{"index":"index","follow":"follow","max-snippet":"max-snippet:-1","max-image-preview":"max-image-preview:large","max-video-preview":"max-video-preview:-1"},"canonical":"https:\/\/ancientmythology.org\/tr\/bize-ulasin\/","og_locale":"tr_TR","og_type":"article","og_title":"Bize Ula\u015f\u0131n - Ancient Mythology","og_description":"\u0130lginizi takdir ediyoruz ve yorumlar\u0131n\u0131z\u0131, \u00f6nerilerinizi veya sorular\u0131n\u0131z\u0131 memnuniyetle kar\u015f\u0131l\u0131yoruz. A\u015fa\u011f\u0131daki ileti\u015fim formunu doldurarak","og_url":"https:\/\/ancientmythology.org\/tr\/bize-ulasin\/","og_site_name":"Ancient Mythology","article_modified_time":"2023-10-29T06:23:43+00:00","twitter_card":"summary_large_image","twitter_misc":{"Tahmini okuma s\u00fcresi":"1 dakika"},"schema":{"@context":"https:\/\/schema.org","@graph":[{"@type":"WebPage","@id":"https:\/\/ancientmythology.org\/tr\/bize-ulasin\/","url":"https:\/\/ancientmythology.org\/tr\/bize-ulasin\/","name":"Bize Ula\u015f\u0131n - Ancient Mythology","isPartOf":{"@id":"https:\/\/ancientmythology.org\/tr\/#website"},"datePublished":"2023-08-08T15:50:47+00:00","dateModified":"2023-10-29T06:23:43+00:00","description":"\u0130lginizi takdir ediyoruz ve yorumlar\u0131n\u0131z\u0131, \u00f6nerilerinizi veya sorular\u0131n\u0131z\u0131 memnuniyetle kar\u015f\u0131l\u0131yoruz. A\u015fa\u011f\u0131daki ileti\u015fim formunu doldurarak","breadcrumb":{"@id":"https:\/\/ancientmythology.org\/tr\/bize-ulasin\/#breadcrumb"},"inLanguage":"tr","potentialAction":[{"@type":"ReadAction","target":["https:\/\/ancientmythology.org\/tr\/bize-ulasin\/"]}]},{"@type":"BreadcrumbList","@id":"https:\/\/ancientmythology.org\/tr\/bize-ulasin\/#breadcrumb","itemListElement":[{"@type":"ListItem","position":1,"name":"Ev","item":"https:\/\/ancientmythology.org\/tr\/"},{"@type":"ListItem","position":2,"name":"Bize ula\u015f\u0131n"}]},{"@type":"WebSite","@id":"https:\/\/ancientmythology.org\/tr\/#website","url":"https:\/\/ancientmythology.org\/tr\/","name":"Ancient Mythology","description":"D\u00fcnya mitolojisinin s\u0131rlar\u0131n\u0131 ke\u015ffedin!","publisher":{"@id":"https:\/\/ancientmythology.org\/tr\/#organization"},"potentialAction":[{"@type":"SearchAction","target":{"@type":"EntryPoint","urlTemplate":"https:\/\/ancientmythology.org\/tr\/?s={search_term_string}"},"query-input":"required name=search_term_string"}],"inLanguage":"tr"},{"@type":"Organization","@id":"https:\/\/ancientmythology.org\/tr\/#organization","name":"Ancient Mythology","url":"https:\/\/ancientmythology.org\/tr\/","logo":{"@type":"ImageObject","inLanguage":"tr","@id":"https:\/\/ancientmythology.org\/tr\/#\/schema\/logo\/image\/","url":"https:\/\/ancientmythology.org\/tr\/wp-content\/uploads\/2023\/10\/ancientmythology-logo.png","contentUrl":"https:\/\/ancientmythology.org\/tr\/wp-content\/uploads\/2023\/10\/ancientmythology-logo.png","width":111,"height":50,"caption":"Ancient Mythology"},"image":{"@id":"https:\/\/ancientmythology.org\/tr\/#\/schema\/logo\/image\/"}}]}},"yoast_meta":{"yoast_wpseo_title":"","yoast_wpseo_metadesc":"","yoast_wpseo_canonical":""},"_links":{"self":[{"href":"https:\/\/ancientmythology.org\/tr\/wp-json\/wp\/v2\/pages\/413","targetHints":{"allow":["GET"]}}],"collection":[{"href":"https:\/\/ancientmythology.org\/tr\/wp-json\/wp\/v2\/pages"}],"about":[{"href":"https:\/\/ancientmythology.org\/tr\/wp-json\/wp\/v2\/types\/page"}],"author":[{"embeddable":true,"href":"https:\/\/ancientmythology.org\/tr\/wp-json\/wp\/v2\/users\/1"}],"replies":[{"embeddable":true,"href":"https:\/\/ancientmythology.org\/tr\/wp-json\/wp\/v2\/comments?post=413"}],"version-history":[{"count":2,"href":"https:\/\/ancientmythology.org\/tr\/wp-json\/wp\/v2\/pages\/413\/revisions"}],"predecessor-version":[{"id":458,"href":"https:\/\/ancientmythology.org\/tr\/wp-json\/wp\/v2\/pages\/413\/revisions\/458"}],"wp:attachment":[{"href":"https:\/\/ancientmythology.org\/tr\/wp-json\/wp\/v2\/media?parent=413"}],"curies":[{"name":"wp","href":"https:\/\/api.w.org\/{rel}","templated":true}]}}