{"id":412,"date":"2023-08-12T09:16:47","date_gmt":"2023-08-12T09:16:47","guid":{"rendered":"https:\/\/ancientmythology.org\/tr\/hakkinda\/"},"modified":"2023-10-29T06:20:15","modified_gmt":"2023-10-29T06:20:15","slug":"hakkinda","status":"publish","type":"page","link":"https:\/\/ancientmythology.org\/tr\/hakkinda\/","title":{"rendered":"Hakk\u0131m\u0131zda"},"content":{"rendered":"<p style=\"text-align: justify;\">AncientMythology.org&#8217;a ho\u015f geldiniz!<\/p>\n<p style=\"text-align: justify;\">Antik mitoloji ve k\u00fclt\u00fcr d\u00fcnyas\u0131n\u0131 ke\u015ffetmeye adanm\u0131\u015f \u00e7evrimi\u00e7i bir kayna\u011f\u0131z. Misyonumuz, ziyaret\u00e7ilerimize mitolojinin heyecan verici d\u00fcnyas\u0131n\u0131 ke\u015ffetmeleri ve her mitolojik gelene\u011fin tarihini ve k\u00fclt\u00fcr\u00fcn\u00fc \u00f6\u011frenmeleri i\u00e7in ilgi \u00e7ekici bir platform sa\u011flamakt\u0131r.<\/p>\n<h2>Amac\u0131m\u0131z<\/h2>\n<p style=\"text-align: justify;\">Ziyaret\u00e7ilerimizi mitlerin ve efsanelerin b\u00fcy\u00fcleyici ve \u00e7o\u011fu zaman kafa kar\u0131\u015ft\u0131r\u0131c\u0131 d\u00fcnyas\u0131na yakla\u015ft\u0131rmaya \u00e7al\u0131\u015f\u0131yoruz. Ayr\u0131ca Zeus, Hades, Poseidon ve di\u011fer Yunan ve Roma tanr\u0131lar\u0131 ve tanr\u0131\u00e7alar\u0131 gibi klasik hikayeler i\u00e7in de en iyi kaynak olmaya \u00e7al\u0131\u015f\u0131yoruz.<\/p>\n<p style=\"text-align: justify;\">Okuyucular\u0131m\u0131za do\u011fru bilgiyi sa\u011flaman\u0131n \u00f6nemine inan\u0131yoruz ve kafa kar\u0131\u015ft\u0131r\u0131c\u0131 konulara a\u00e7\u0131kl\u0131k ve anlay\u0131\u015f getirmeye \u00e7al\u0131\u015f\u0131yoruz. Nihayetinde misyonumuz, d\u00fcnya \u00e7ap\u0131ndaki okuyucular\u0131 b\u00fcy\u00fcleyecek ve e\u011flendirecek, efsane ve folklor alan\u0131nda keyifli ve benzersiz bir deneyim yaratmakt\u0131r.<\/p>\n<h2>\u0130\u00e7eri\u011fimiz<\/h2>\n<p style=\"text-align: justify;\">\u0130ster en sevdi\u011finiz panteonun tanr\u0131lar\u0131 ve tanr\u0131\u00e7alar\u0131n\u0131 daha iyi anlamak istiyor olun, ister d\u00fcnya mitolojilerini derinlemesine ara\u015ft\u0131r\u0131n, ister sadece en eski inan\u00e7 ve geleneklerimizden baz\u0131lar\u0131n\u0131n ard\u0131ndaki b\u00fcy\u00fcleyici hikayeler hakk\u0131nda daha fazla bilgi edinmek isteyin, biz buraday\u0131z. yard\u0131m etmek. size ihtiyac\u0131n\u0131z olan kaynaklar\u0131 sa\u011flar.<\/p>\n<p style=\"text-align: justify;\">A\u015fa\u011f\u0131dakiler de dahil olmak \u00fczere bir\u00e7ok konuyu ele ald\u0131k:<\/p>\n<p style=\"text-align: justify;\"><strong>D\u00fcnya Mitolojisi<\/strong> : Tarih boyunca \u00e7ok \u00e7e\u015fitli k\u00fclt\u00fcr ve medeniyetlere ait hikaye, inan\u00e7 ve geleneklerin derlemesini kapsar.<\/p>\n<p style=\"text-align: justify;\"><strong>Mitolojinin Tanr\u0131lar\u0131<\/strong> : Mitolojiyi ke\u015ffederken farkl\u0131 k\u00fclt\u00fcr ve geleneklerden \u00e7e\u015fitli antik tanr\u0131 ve tanr\u0131\u00e7alar\u0131 ke\u015ffedece\u011fiz.<\/p>\n<p style=\"text-align: justify;\"><strong>Mitolojideki Varl\u0131klar ve Yarat\u0131klar<\/strong> : Yunan, Roma, M\u0131s\u0131r ve di\u011fer mitolojik hikayelerdeki varl\u0131k ve yarat\u0131klar\u0131 daha iyi anlayacak ve bu masallardaki rollerini ke\u015ffedece\u011fiz.<\/p>\n<h2>Bizim tak\u0131m<\/h2>\n<p style=\"text-align: justify;\">AncientMythology.org&#8217;da tutkulu yazarlardan ve ara\u015ft\u0131rmac\u0131lardan olu\u015fan ekibimiz size mitolojik konularda \u00e7e\u015fitli i\u00e7erikler sunmaya kendini adam\u0131\u015ft\u0131r. Yazarlar\u0131m\u0131z mitoloji alan\u0131nda hat\u0131r\u0131 say\u0131l\u0131r tecr\u00fcbeye sahip olup, okuyucular\u0131m\u0131z\u0131 antik k\u00fclt\u00fcrler hakk\u0131nda en g\u00fcncel ve en do\u011fru bilgilerle bilgilendirmek i\u00e7in s\u00fcrekli \u00e7aba g\u00f6stermektedirler.<\/p>\n<p style=\"text-align: justify;\">G\u00f6nderiler ve makaleler olu\u015fturdu\u011fumuzda, derinlemesine bilgimizi ve dikkatimizi detaylara ve do\u011frulu\u011fa getiriyoruz. Binlerce kaynaktan, web \u00fczerindeki en kapsaml\u0131 bilgiyi size sunmak i\u00e7in bilgileri titizlikle tarad\u0131k.<\/p>\n<h2>Bize Ula\u015f\u0131n<\/h2>\n<p style=\"text-align: justify;\">E\u011fer mitolojiyle ilgili anlatacak bir hikayeniz, tart\u0131\u015facak bir fikriniz varsa ya da sadece merhaba demek istiyorsan\u0131z, sizden haber almak isteriz! Geri bildiriminiz, blogumuzu geli\u015ftirmemize ve gelecekte daha iyi i\u00e7erik olu\u015fturmam\u0131za yard\u0131mc\u0131 olmak i\u00e7in \u00e7ok \u00f6nemlidir. \u00d6zel <a href=\"https:\/\/ancientmythology.org\/tr\/bize-ulasin\/\">ileti\u015fim sayfam\u0131z<\/a> arac\u0131l\u0131\u011f\u0131yla bizimle ileti\u015fime ge\u00e7mekten \u00e7ekinmeyin.<\/p>\n","protected":false},"excerpt":{"rendered":"<p>AncientMythology.org&#8217;a ho\u015f geldiniz! Antik mitoloji ve k\u00fclt\u00fcr d\u00fcnyas\u0131n\u0131 ke\u015ffetmeye adanm\u0131\u015f \u00e7evrimi\u00e7i bir kayna\u011f\u0131z. Misyonumuz, ziyaret\u00e7ilerimize mitolojinin heyecan verici d\u00fcnyas\u0131n\u0131 ke\u015ffetmeleri ve her mitolojik gelene\u011fin tarihini ve k\u00fclt\u00fcr\u00fcn\u00fc \u00f6\u011frenmeleri i\u00e7in ilgi \u00e7ekici bir platform sa\u011flamakt\u0131r. Amac\u0131m\u0131z Ziyaret\u00e7ilerimizi mitlerin ve efsanelerin b\u00fcy\u00fcleyici ve \u00e7o\u011fu zaman kafa kar\u0131\u015ft\u0131r\u0131c\u0131 d\u00fcnyas\u0131na yakla\u015ft\u0131rmaya \u00e7al\u0131\u015f\u0131yoruz. Ayr\u0131ca Zeus, Hades, Poseidon ve di\u011fer Yunan [&hellip;]<\/p>\n","protected":false},"author":1,"featured_media":0,"parent":0,"menu_order":0,"comment_status":"closed","ping_status":"closed","template":"","meta":{"footnotes":""},"class_list":["post-412","page","type-page","status-publish","hentry"],"yoast_head":"<!-- This site is optimized with the Yoast SEO plugin v21.4 - https:\/\/yoast.com\/wordpress\/plugins\/seo\/ -->\n<title>Hakk\u0131m\u0131zda - Ancient Mythology<\/title>\n<meta name=\"description\" content=\"Ancientmythology.org&#039;da tanr\u0131lar\u0131n, varl\u0131klar\u0131n, yarat\u0131klar\u0131n ve mitolojik hikayelerin b\u00fcy\u00fcleyici gizemlerini ke\u015ffedin.\" \/>\n<meta name=\"robots\" content=\"index, follow, max-snippet:-1, max-image-preview:large, max-video-preview:-1\" \/>\n<link rel=\"canonical\" href=\"https:\/\/ancientmythology.org\/tr\/hakkinda\/\" \/>\n<meta property=\"og:locale\" content=\"tr_TR\" \/>\n<meta property=\"og:type\" content=\"article\" \/>\n<meta property=\"og:title\" content=\"Hakk\u0131m\u0131zda - Ancient Mythology\" \/>\n<meta property=\"og:description\" content=\"Ancientmythology.org&#039;da tanr\u0131lar\u0131n, varl\u0131klar\u0131n, yarat\u0131klar\u0131n ve mitolojik hikayelerin b\u00fcy\u00fcleyici gizemlerini ke\u015ffedin.\" \/>\n<meta property=\"og:url\" content=\"https:\/\/ancientmythology.org\/tr\/hakkinda\/\" \/>\n<meta property=\"og:site_name\" content=\"Ancient Mythology\" \/>\n<meta property=\"article:modified_time\" content=\"2023-10-29T06:20:15+00:00\" \/>\n<meta name=\"twitter:card\" content=\"summary_large_image\" \/>\n<meta name=\"twitter:label1\" content=\"Tahmini okuma s\u00fcresi\" \/>\n\t<meta name=\"twitter:data1\" content=\"2 dakika\" \/>\n<script type=\"application\/ld+json\" class=\"yoast-schema-graph\">{\"@context\":\"https:\/\/schema.org\",\"@graph\":[{\"@type\":\"WebPage\",\"@id\":\"https:\/\/ancientmythology.org\/tr\/hakkinda\/\",\"url\":\"https:\/\/ancientmythology.org\/tr\/hakkinda\/\",\"name\":\"Hakk\u0131m\u0131zda - Ancient Mythology\",\"isPartOf\":{\"@id\":\"https:\/\/ancientmythology.org\/tr\/#website\"},\"datePublished\":\"2023-08-12T09:16:47+00:00\",\"dateModified\":\"2023-10-29T06:20:15+00:00\",\"description\":\"Ancientmythology.org'da tanr\u0131lar\u0131n, varl\u0131klar\u0131n, yarat\u0131klar\u0131n ve mitolojik hikayelerin b\u00fcy\u00fcleyici gizemlerini ke\u015ffedin.\",\"breadcrumb\":{\"@id\":\"https:\/\/ancientmythology.org\/tr\/hakkinda\/#breadcrumb\"},\"inLanguage\":\"tr\",\"potentialAction\":[{\"@type\":\"ReadAction\",\"target\":[\"https:\/\/ancientmythology.org\/tr\/hakkinda\/\"]}]},{\"@type\":\"BreadcrumbList\",\"@id\":\"https:\/\/ancientmythology.org\/tr\/hakkinda\/#breadcrumb\",\"itemListElement\":[{\"@type\":\"ListItem\",\"position\":1,\"name\":\"Ev\",\"item\":\"https:\/\/ancientmythology.org\/tr\/\"},{\"@type\":\"ListItem\",\"position\":2,\"name\":\"Hakk\u0131m\u0131zda\"}]},{\"@type\":\"WebSite\",\"@id\":\"https:\/\/ancientmythology.org\/tr\/#website\",\"url\":\"https:\/\/ancientmythology.org\/tr\/\",\"name\":\"Ancient Mythology\",\"description\":\"D\u00fcnya mitolojisinin s\u0131rlar\u0131n\u0131 ke\u015ffedin!\",\"publisher\":{\"@id\":\"https:\/\/ancientmythology.org\/tr\/#organization\"},\"potentialAction\":[{\"@type\":\"SearchAction\",\"target\":{\"@type\":\"EntryPoint\",\"urlTemplate\":\"https:\/\/ancientmythology.org\/tr\/?s={search_term_string}\"},\"query-input\":\"required name=search_term_string\"}],\"inLanguage\":\"tr\"},{\"@type\":\"Organization\",\"@id\":\"https:\/\/ancientmythology.org\/tr\/#organization\",\"name\":\"Ancient Mythology\",\"url\":\"https:\/\/ancientmythology.org\/tr\/\",\"logo\":{\"@type\":\"ImageObject\",\"inLanguage\":\"tr\",\"@id\":\"https:\/\/ancientmythology.org\/tr\/#\/schema\/logo\/image\/\",\"url\":\"https:\/\/ancientmythology.org\/tr\/wp-content\/uploads\/2023\/10\/ancientmythology-logo.png\",\"contentUrl\":\"https:\/\/ancientmythology.org\/tr\/wp-content\/uploads\/2023\/10\/ancientmythology-logo.png\",\"width\":111,\"height\":50,\"caption\":\"Ancient Mythology\"},\"image\":{\"@id\":\"https:\/\/ancientmythology.org\/tr\/#\/schema\/logo\/image\/\"}}]}<\/script>\n<!-- \/ Yoast SEO plugin. -->","yoast_head_json":{"title":"Hakk\u0131m\u0131zda - Ancient Mythology","description":"Ancientmythology.org'da tanr\u0131lar\u0131n, varl\u0131klar\u0131n, yarat\u0131klar\u0131n ve mitolojik hikayelerin b\u00fcy\u00fcleyici gizemlerini ke\u015ffedin.","robots":{"index":"index","follow":"follow","max-snippet":"max-snippet:-1","max-image-preview":"max-image-preview:large","max-video-preview":"max-video-preview:-1"},"canonical":"https:\/\/ancientmythology.org\/tr\/hakkinda\/","og_locale":"tr_TR","og_type":"article","og_title":"Hakk\u0131m\u0131zda - Ancient Mythology","og_description":"Ancientmythology.org'da tanr\u0131lar\u0131n, varl\u0131klar\u0131n, yarat\u0131klar\u0131n ve mitolojik hikayelerin b\u00fcy\u00fcleyici gizemlerini ke\u015ffedin.","og_url":"https:\/\/ancientmythology.org\/tr\/hakkinda\/","og_site_name":"Ancient Mythology","article_modified_time":"2023-10-29T06:20:15+00:00","twitter_card":"summary_large_image","twitter_misc":{"Tahmini okuma s\u00fcresi":"2 dakika"},"schema":{"@context":"https:\/\/schema.org","@graph":[{"@type":"WebPage","@id":"https:\/\/ancientmythology.org\/tr\/hakkinda\/","url":"https:\/\/ancientmythology.org\/tr\/hakkinda\/","name":"Hakk\u0131m\u0131zda - Ancient Mythology","isPartOf":{"@id":"https:\/\/ancientmythology.org\/tr\/#website"},"datePublished":"2023-08-12T09:16:47+00:00","dateModified":"2023-10-29T06:20:15+00:00","description":"Ancientmythology.org'da tanr\u0131lar\u0131n, varl\u0131klar\u0131n, yarat\u0131klar\u0131n ve mitolojik hikayelerin b\u00fcy\u00fcleyici gizemlerini ke\u015ffedin.","breadcrumb":{"@id":"https:\/\/ancientmythology.org\/tr\/hakkinda\/#breadcrumb"},"inLanguage":"tr","potentialAction":[{"@type":"ReadAction","target":["https:\/\/ancientmythology.org\/tr\/hakkinda\/"]}]},{"@type":"BreadcrumbList","@id":"https:\/\/ancientmythology.org\/tr\/hakkinda\/#breadcrumb","itemListElement":[{"@type":"ListItem","position":1,"name":"Ev","item":"https:\/\/ancientmythology.org\/tr\/"},{"@type":"ListItem","position":2,"name":"Hakk\u0131m\u0131zda"}]},{"@type":"WebSite","@id":"https:\/\/ancientmythology.org\/tr\/#website","url":"https:\/\/ancientmythology.org\/tr\/","name":"Ancient Mythology","description":"D\u00fcnya mitolojisinin s\u0131rlar\u0131n\u0131 ke\u015ffedin!","publisher":{"@id":"https:\/\/ancientmythology.org\/tr\/#organization"},"potentialAction":[{"@type":"SearchAction","target":{"@type":"EntryPoint","urlTemplate":"https:\/\/ancientmythology.org\/tr\/?s={search_term_string}"},"query-input":"required name=search_term_string"}],"inLanguage":"tr"},{"@type":"Organization","@id":"https:\/\/ancientmythology.org\/tr\/#organization","name":"Ancient Mythology","url":"https:\/\/ancientmythology.org\/tr\/","logo":{"@type":"ImageObject","inLanguage":"tr","@id":"https:\/\/ancientmythology.org\/tr\/#\/schema\/logo\/image\/","url":"https:\/\/ancientmythology.org\/tr\/wp-content\/uploads\/2023\/10\/ancientmythology-logo.png","contentUrl":"https:\/\/ancientmythology.org\/tr\/wp-content\/uploads\/2023\/10\/ancientmythology-logo.png","width":111,"height":50,"caption":"Ancient Mythology"},"image":{"@id":"https:\/\/ancientmythology.org\/tr\/#\/schema\/logo\/image\/"}}]}},"yoast_meta":{"yoast_wpseo_title":"","yoast_wpseo_metadesc":"","yoast_wpseo_canonical":""},"_links":{"self":[{"href":"https:\/\/ancientmythology.org\/tr\/wp-json\/wp\/v2\/pages\/412","targetHints":{"allow":["GET"]}}],"collection":[{"href":"https:\/\/ancientmythology.org\/tr\/wp-json\/wp\/v2\/pages"}],"about":[{"href":"https:\/\/ancientmythology.org\/tr\/wp-json\/wp\/v2\/types\/page"}],"author":[{"embeddable":true,"href":"https:\/\/ancientmythology.org\/tr\/wp-json\/wp\/v2\/users\/1"}],"replies":[{"embeddable":true,"href":"https:\/\/ancientmythology.org\/tr\/wp-json\/wp\/v2\/comments?post=412"}],"version-history":[{"count":1,"href":"https:\/\/ancientmythology.org\/tr\/wp-json\/wp\/v2\/pages\/412\/revisions"}],"predecessor-version":[{"id":455,"href":"https:\/\/ancientmythology.org\/tr\/wp-json\/wp\/v2\/pages\/412\/revisions\/455"}],"wp:attachment":[{"href":"https:\/\/ancientmythology.org\/tr\/wp-json\/wp\/v2\/media?parent=412"}],"curies":[{"name":"wp","href":"https:\/\/api.w.org\/{rel}","templated":true}]}}