{"id":425,"date":"2023-08-08T15:50:47","date_gmt":"2023-08-08T15:50:47","guid":{"rendered":"https:\/\/ancientmythology.org\/pt\/contate-nos\/"},"modified":"2023-10-29T05:29:47","modified_gmt":"2023-10-29T05:29:47","slug":"contate-nos","status":"publish","type":"page","link":"https:\/\/ancientmythology.org\/pt\/contate-nos\/","title":{"rendered":"Contate-nos"},"content":{"rendered":"<p>Obrigado por visitar <a href=\"https:\/\/ancientmythology.org\/pt\">AncientMythology.org<\/a> .<\/p>\n<p>Agradecemos o seu interesse e acolhemos com satisfa\u00e7\u00e3o quaisquer coment\u00e1rios, sugest\u00f5es ou d\u00favidas que voc\u00ea possa ter. Estamos aqui para ouvir, interagir e comunicar com os nossos leitores, por isso n\u00e3o hesite em contactar-nos atrav\u00e9s do formul\u00e1rio abaixo:<\/p>\n<p><iframe loading=\"lazy\" src=\"https:\/\/docs.google.com\/forms\/d\/e\/1FAIpQLScUtPYJi6YlPDlQCHuZYNGgrsQlRmV11sy87htWku_FEmp1Vg\/viewform?embedded=true\" width=\"640\" height=\"791\" frameborder=\"0\" marginwidth=\"0\" marginheight=\"0\">Loading\u2026<\/iframe><\/p>\n","protected":false},"excerpt":{"rendered":"<p>Obrigado por visitar AncientMythology.org . Agradecemos o seu interesse e acolhemos com satisfa\u00e7\u00e3o quaisquer coment\u00e1rios, sugest\u00f5es ou d\u00favidas que voc\u00ea possa ter. Estamos aqui para ouvir, interagir e comunicar com os nossos leitores, por isso n\u00e3o hesite em contactar-nos atrav\u00e9s do formul\u00e1rio abaixo: Loading\u2026<\/p>\n","protected":false},"author":1,"featured_media":0,"parent":0,"menu_order":0,"comment_status":"closed","ping_status":"closed","template":"","meta":{"footnotes":""},"class_list":["post-425","page","type-page","status-publish","hentry"],"yoast_head":"<!-- This site is optimized with the Yoast SEO plugin v21.4 - https:\/\/yoast.com\/wordpress\/plugins\/seo\/ -->\n<title>Contate-nos - Ancient Mythology<\/title>\n<meta name=\"description\" content=\"Agradecemos seu interesse e agradecemos seus coment\u00e1rios, sugest\u00f5es ou d\u00favidas. Voc\u00ea pode facilmente entrar em contato conosco preenchendo o\" \/>\n<meta name=\"robots\" content=\"index, follow, max-snippet:-1, max-image-preview:large, max-video-preview:-1\" \/>\n<link rel=\"canonical\" href=\"https:\/\/ancientmythology.org\/pt\/contate-nos\/\" \/>\n<meta property=\"og:locale\" content=\"pt_BR\" \/>\n<meta property=\"og:type\" content=\"article\" \/>\n<meta property=\"og:title\" content=\"Contate-nos - Ancient Mythology\" \/>\n<meta property=\"og:description\" content=\"Agradecemos seu interesse e agradecemos seus coment\u00e1rios, sugest\u00f5es ou d\u00favidas. Voc\u00ea pode facilmente entrar em contato conosco preenchendo o\" \/>\n<meta property=\"og:url\" content=\"https:\/\/ancientmythology.org\/pt\/contate-nos\/\" \/>\n<meta property=\"og:site_name\" content=\"Ancient Mythology\" \/>\n<meta property=\"article:modified_time\" content=\"2023-10-29T05:29:47+00:00\" \/>\n<meta name=\"twitter:card\" content=\"summary_large_image\" \/>\n<meta name=\"twitter:label1\" content=\"Est. tempo de leitura\" \/>\n\t<meta name=\"twitter:data1\" content=\"1 minuto\" \/>\n<script type=\"application\/ld+json\" class=\"yoast-schema-graph\">{\"@context\":\"https:\/\/schema.org\",\"@graph\":[{\"@type\":\"WebPage\",\"@id\":\"https:\/\/ancientmythology.org\/pt\/contate-nos\/\",\"url\":\"https:\/\/ancientmythology.org\/pt\/contate-nos\/\",\"name\":\"Contate-nos - Ancient Mythology\",\"isPartOf\":{\"@id\":\"https:\/\/ancientmythology.org\/pt\/#website\"},\"datePublished\":\"2023-08-08T15:50:47+00:00\",\"dateModified\":\"2023-10-29T05:29:47+00:00\",\"description\":\"Agradecemos seu interesse e agradecemos seus coment\u00e1rios, sugest\u00f5es ou d\u00favidas. Voc\u00ea pode facilmente entrar em contato conosco preenchendo o\",\"breadcrumb\":{\"@id\":\"https:\/\/ancientmythology.org\/pt\/contate-nos\/#breadcrumb\"},\"inLanguage\":\"pt-BR\",\"potentialAction\":[{\"@type\":\"ReadAction\",\"target\":[\"https:\/\/ancientmythology.org\/pt\/contate-nos\/\"]}]},{\"@type\":\"BreadcrumbList\",\"@id\":\"https:\/\/ancientmythology.org\/pt\/contate-nos\/#breadcrumb\",\"itemListElement\":[{\"@type\":\"ListItem\",\"position\":1,\"name\":\"Lar\",\"item\":\"https:\/\/ancientmythology.org\/pt\/\"},{\"@type\":\"ListItem\",\"position\":2,\"name\":\"Contate-nos\"}]},{\"@type\":\"WebSite\",\"@id\":\"https:\/\/ancientmythology.org\/pt\/#website\",\"url\":\"https:\/\/ancientmythology.org\/pt\/\",\"name\":\"Ancient Mythology\",\"description\":\"Descubra os segredos das mitologias mundiais!\",\"publisher\":{\"@id\":\"https:\/\/ancientmythology.org\/pt\/#organization\"},\"potentialAction\":[{\"@type\":\"SearchAction\",\"target\":{\"@type\":\"EntryPoint\",\"urlTemplate\":\"https:\/\/ancientmythology.org\/pt\/?s={search_term_string}\"},\"query-input\":\"required name=search_term_string\"}],\"inLanguage\":\"pt-BR\"},{\"@type\":\"Organization\",\"@id\":\"https:\/\/ancientmythology.org\/pt\/#organization\",\"name\":\"Ancient Mythology\",\"url\":\"https:\/\/ancientmythology.org\/pt\/\",\"logo\":{\"@type\":\"ImageObject\",\"inLanguage\":\"pt-BR\",\"@id\":\"https:\/\/ancientmythology.org\/pt\/#\/schema\/logo\/image\/\",\"url\":\"https:\/\/ancientmythology.org\/pt\/wp-content\/uploads\/2023\/10\/ancientmythology-logo.png\",\"contentUrl\":\"https:\/\/ancientmythology.org\/pt\/wp-content\/uploads\/2023\/10\/ancientmythology-logo.png\",\"width\":111,\"height\":50,\"caption\":\"Ancient Mythology\"},\"image\":{\"@id\":\"https:\/\/ancientmythology.org\/pt\/#\/schema\/logo\/image\/\"}}]}<\/script>\n<!-- \/ Yoast SEO plugin. -->","yoast_head_json":{"title":"Contate-nos - Ancient Mythology","description":"Agradecemos seu interesse e agradecemos seus coment\u00e1rios, sugest\u00f5es ou d\u00favidas. Voc\u00ea pode facilmente entrar em contato conosco preenchendo o","robots":{"index":"index","follow":"follow","max-snippet":"max-snippet:-1","max-image-preview":"max-image-preview:large","max-video-preview":"max-video-preview:-1"},"canonical":"https:\/\/ancientmythology.org\/pt\/contate-nos\/","og_locale":"pt_BR","og_type":"article","og_title":"Contate-nos - Ancient Mythology","og_description":"Agradecemos seu interesse e agradecemos seus coment\u00e1rios, sugest\u00f5es ou d\u00favidas. Voc\u00ea pode facilmente entrar em contato conosco preenchendo o","og_url":"https:\/\/ancientmythology.org\/pt\/contate-nos\/","og_site_name":"Ancient Mythology","article_modified_time":"2023-10-29T05:29:47+00:00","twitter_card":"summary_large_image","twitter_misc":{"Est. tempo de leitura":"1 minuto"},"schema":{"@context":"https:\/\/schema.org","@graph":[{"@type":"WebPage","@id":"https:\/\/ancientmythology.org\/pt\/contate-nos\/","url":"https:\/\/ancientmythology.org\/pt\/contate-nos\/","name":"Contate-nos - Ancient Mythology","isPartOf":{"@id":"https:\/\/ancientmythology.org\/pt\/#website"},"datePublished":"2023-08-08T15:50:47+00:00","dateModified":"2023-10-29T05:29:47+00:00","description":"Agradecemos seu interesse e agradecemos seus coment\u00e1rios, sugest\u00f5es ou d\u00favidas. Voc\u00ea pode facilmente entrar em contato conosco preenchendo o","breadcrumb":{"@id":"https:\/\/ancientmythology.org\/pt\/contate-nos\/#breadcrumb"},"inLanguage":"pt-BR","potentialAction":[{"@type":"ReadAction","target":["https:\/\/ancientmythology.org\/pt\/contate-nos\/"]}]},{"@type":"BreadcrumbList","@id":"https:\/\/ancientmythology.org\/pt\/contate-nos\/#breadcrumb","itemListElement":[{"@type":"ListItem","position":1,"name":"Lar","item":"https:\/\/ancientmythology.org\/pt\/"},{"@type":"ListItem","position":2,"name":"Contate-nos"}]},{"@type":"WebSite","@id":"https:\/\/ancientmythology.org\/pt\/#website","url":"https:\/\/ancientmythology.org\/pt\/","name":"Ancient Mythology","description":"Descubra os segredos das mitologias mundiais!","publisher":{"@id":"https:\/\/ancientmythology.org\/pt\/#organization"},"potentialAction":[{"@type":"SearchAction","target":{"@type":"EntryPoint","urlTemplate":"https:\/\/ancientmythology.org\/pt\/?s={search_term_string}"},"query-input":"required name=search_term_string"}],"inLanguage":"pt-BR"},{"@type":"Organization","@id":"https:\/\/ancientmythology.org\/pt\/#organization","name":"Ancient Mythology","url":"https:\/\/ancientmythology.org\/pt\/","logo":{"@type":"ImageObject","inLanguage":"pt-BR","@id":"https:\/\/ancientmythology.org\/pt\/#\/schema\/logo\/image\/","url":"https:\/\/ancientmythology.org\/pt\/wp-content\/uploads\/2023\/10\/ancientmythology-logo.png","contentUrl":"https:\/\/ancientmythology.org\/pt\/wp-content\/uploads\/2023\/10\/ancientmythology-logo.png","width":111,"height":50,"caption":"Ancient Mythology"},"image":{"@id":"https:\/\/ancientmythology.org\/pt\/#\/schema\/logo\/image\/"}}]}},"yoast_meta":{"yoast_wpseo_title":"","yoast_wpseo_metadesc":"","yoast_wpseo_canonical":""},"_links":{"self":[{"href":"https:\/\/ancientmythology.org\/pt\/wp-json\/wp\/v2\/pages\/425","targetHints":{"allow":["GET"]}}],"collection":[{"href":"https:\/\/ancientmythology.org\/pt\/wp-json\/wp\/v2\/pages"}],"about":[{"href":"https:\/\/ancientmythology.org\/pt\/wp-json\/wp\/v2\/types\/page"}],"author":[{"embeddable":true,"href":"https:\/\/ancientmythology.org\/pt\/wp-json\/wp\/v2\/users\/1"}],"replies":[{"embeddable":true,"href":"https:\/\/ancientmythology.org\/pt\/wp-json\/wp\/v2\/comments?post=425"}],"version-history":[{"count":2,"href":"https:\/\/ancientmythology.org\/pt\/wp-json\/wp\/v2\/pages\/425\/revisions"}],"predecessor-version":[{"id":437,"href":"https:\/\/ancientmythology.org\/pt\/wp-json\/wp\/v2\/pages\/425\/revisions\/437"}],"wp:attachment":[{"href":"https:\/\/ancientmythology.org\/pt\/wp-json\/wp\/v2\/media?parent=425"}],"curies":[{"name":"wp","href":"https:\/\/api.w.org\/{rel}","templated":true}]}}