{"id":424,"date":"2023-08-12T09:16:47","date_gmt":"2023-08-12T09:16:47","guid":{"rendered":"https:\/\/ancientmythology.org\/pt\/sobre\/"},"modified":"2023-10-29T05:26:03","modified_gmt":"2023-10-29T05:26:03","slug":"sobre","status":"publish","type":"page","link":"https:\/\/ancientmythology.org\/pt\/sobre\/","title":{"rendered":"Sobre n\u00f3s"},"content":{"rendered":"<p style=\"text-align: justify;\">Bem-vindo ao AncientMythology.org!<\/p>\n<p style=\"text-align: justify;\">Somos um recurso online dedicado a explorar o mundo da mitologia e cultura antigas. Nossa miss\u00e3o \u00e9 fornecer uma plataforma envolvente para nossos visitantes explorarem o emocionante mundo da mitologia e aprenderem sobre a hist\u00f3ria e a cultura de cada tradi\u00e7\u00e3o mitol\u00f3gica.<\/p>\n<h2>Nosso objetivo<\/h2>\n<p style=\"text-align: justify;\">N\u00f3s nos esfor\u00e7amos para aproximar nossos visitantes do mundo fascinante e muitas vezes confuso dos mitos e lendas. Tamb\u00e9m nos esfor\u00e7amos para nos tornar a melhor fonte de contos cl\u00e1ssicos como os de Zeus, Hades, Poseidon e outros deuses e deusas gregos e romanos.<\/p>\n<p style=\"text-align: justify;\">Acreditamos fortemente em fornecer aos nossos leitores conhecimento preciso e nos esfor\u00e7amos para trazer clareza e compreens\u00e3o a t\u00f3picos confusos. Em \u00faltima an\u00e1lise, nossa miss\u00e3o \u00e9 criar uma experi\u00eancia agrad\u00e1vel e \u00fanica no reino do mito e do folclore que ir\u00e1 cativar e entreter leitores de todo o mundo.<\/p>\n<h2>Nosso conte\u00fado<\/h2>\n<p style=\"text-align: justify;\">Esteja voc\u00ea buscando uma melhor compreens\u00e3o dos deuses e deusas do seu pante\u00e3o favorito, investigando as mitologias do mundo ou simplesmente desejando aprender mais sobre as hist\u00f3rias fascinantes por tr\u00e1s de algumas de nossas cren\u00e7as e tradi\u00e7\u00f5es mais antigas, estamos aqui ajudar. fornecer os recursos que voc\u00ea precisa.<\/p>\n<p style=\"text-align: justify;\">Abordamos v\u00e1rios t\u00f3picos, incluindo:<\/p>\n<p style=\"text-align: justify;\"><strong>Mitologia Mundial<\/strong> : Abrange a cole\u00e7\u00e3o de hist\u00f3rias, cren\u00e7as e costumes de uma ampla gama de culturas e civiliza\u00e7\u00f5es ao longo da hist\u00f3ria.<\/p>\n<p style=\"text-align: justify;\"><strong>Deuses da Mitologia<\/strong> : Descobriremos uma variedade de deuses e deusas antigos de diferentes culturas e tradi\u00e7\u00f5es enquanto exploramos a mitologia.<\/p>\n<p style=\"text-align: justify;\"><strong>Seres e Criaturas da Mitologia<\/strong> : Obteremos uma melhor compreens\u00e3o dos seres e criaturas das hist\u00f3rias gregas, romanas, eg\u00edpcias e outras hist\u00f3rias mitol\u00f3gicas e descobriremos seu papel nesses contos.<\/p>\n<h2>Nosso time<\/h2>\n<p style=\"text-align: justify;\">Em AncientMythology.org, nossa equipe de escritores e pesquisadores apaixonados est\u00e1 comprometida em fornecer a voc\u00ea diversos conte\u00fados sobre t\u00f3picos mitol\u00f3gicos. Nossos escritores t\u00eam experi\u00eancia consider\u00e1vel no campo da mitologia e se esfor\u00e7am continuamente para informar nossos leitores com as informa\u00e7\u00f5es mais recentes e precisas sobre culturas antigas.<\/p>\n<p style=\"text-align: justify;\">Quando criamos postagens e artigos, trazemos nosso profundo conhecimento e aten\u00e7\u00e3o aos detalhes e \u00e0 precis\u00e3o. De milhares de fontes, vasculhamos meticulosamente as informa\u00e7\u00f5es para trazer a voc\u00ea as informa\u00e7\u00f5es mais abrangentes da web.<\/p>\n<h2>Contate-nos<\/h2>\n<p style=\"text-align: justify;\">Se voc\u00ea tem uma hist\u00f3ria relacionada \u00e0 mitologia para contar, uma ideia para discutir ou apenas quer dizer ol\u00e1, adorar\u00edamos ouvir sua opini\u00e3o! Seu feedback \u00e9 essencial para nos ajudar a melhorar nosso blog e criar conte\u00fado melhor no futuro. N\u00e3o hesite em contactar-nos atrav\u00e9s da nossa <a href=\"https:\/\/ancientmythology.org\/pt\/contate-nos\/\">p\u00e1gina de contacto<\/a> dedicada.<\/p>\n","protected":false},"excerpt":{"rendered":"<p>Bem-vindo ao AncientMythology.org! Somos um recurso online dedicado a explorar o mundo da mitologia e cultura antigas. Nossa miss\u00e3o \u00e9 fornecer uma plataforma envolvente para nossos visitantes explorarem o emocionante mundo da mitologia e aprenderem sobre a hist\u00f3ria e a cultura de cada tradi\u00e7\u00e3o mitol\u00f3gica. Nosso objetivo N\u00f3s nos esfor\u00e7amos para aproximar nossos visitantes do [&hellip;]<\/p>\n","protected":false},"author":1,"featured_media":0,"parent":0,"menu_order":0,"comment_status":"closed","ping_status":"closed","template":"","meta":{"footnotes":""},"class_list":["post-424","page","type-page","status-publish","hentry"],"yoast_head":"<!-- This site is optimized with the Yoast SEO plugin v21.4 - https:\/\/yoast.com\/wordpress\/plugins\/seo\/ -->\n<title>Sobre n\u00f3s - Ancient Mythology<\/title>\n<meta name=\"description\" content=\"Em Ancientmythology.org, explore os mist\u00e9rios fascinantes de deuses, seres, criaturas e hist\u00f3rias mitol\u00f3gicas.\" \/>\n<meta name=\"robots\" content=\"index, follow, max-snippet:-1, max-image-preview:large, max-video-preview:-1\" \/>\n<link rel=\"canonical\" href=\"https:\/\/ancientmythology.org\/pt\/sobre\/\" \/>\n<meta property=\"og:locale\" content=\"pt_BR\" \/>\n<meta property=\"og:type\" content=\"article\" \/>\n<meta property=\"og:title\" content=\"Sobre n\u00f3s - Ancient Mythology\" \/>\n<meta property=\"og:description\" content=\"Em Ancientmythology.org, explore os mist\u00e9rios fascinantes de deuses, seres, criaturas e hist\u00f3rias mitol\u00f3gicas.\" \/>\n<meta property=\"og:url\" content=\"https:\/\/ancientmythology.org\/pt\/sobre\/\" \/>\n<meta property=\"og:site_name\" content=\"Ancient Mythology\" \/>\n<meta property=\"article:modified_time\" content=\"2023-10-29T05:26:03+00:00\" \/>\n<meta name=\"twitter:card\" content=\"summary_large_image\" \/>\n<meta name=\"twitter:label1\" content=\"Est. tempo de leitura\" \/>\n\t<meta name=\"twitter:data1\" content=\"2 minutos\" \/>\n<script type=\"application\/ld+json\" class=\"yoast-schema-graph\">{\"@context\":\"https:\/\/schema.org\",\"@graph\":[{\"@type\":\"WebPage\",\"@id\":\"https:\/\/ancientmythology.org\/pt\/sobre\/\",\"url\":\"https:\/\/ancientmythology.org\/pt\/sobre\/\",\"name\":\"Sobre n\u00f3s - Ancient Mythology\",\"isPartOf\":{\"@id\":\"https:\/\/ancientmythology.org\/pt\/#website\"},\"datePublished\":\"2023-08-12T09:16:47+00:00\",\"dateModified\":\"2023-10-29T05:26:03+00:00\",\"description\":\"Em Ancientmythology.org, explore os mist\u00e9rios fascinantes de deuses, seres, criaturas e hist\u00f3rias mitol\u00f3gicas.\",\"breadcrumb\":{\"@id\":\"https:\/\/ancientmythology.org\/pt\/sobre\/#breadcrumb\"},\"inLanguage\":\"pt-BR\",\"potentialAction\":[{\"@type\":\"ReadAction\",\"target\":[\"https:\/\/ancientmythology.org\/pt\/sobre\/\"]}]},{\"@type\":\"BreadcrumbList\",\"@id\":\"https:\/\/ancientmythology.org\/pt\/sobre\/#breadcrumb\",\"itemListElement\":[{\"@type\":\"ListItem\",\"position\":1,\"name\":\"Lar\",\"item\":\"https:\/\/ancientmythology.org\/pt\/\"},{\"@type\":\"ListItem\",\"position\":2,\"name\":\"Sobre n\u00f3s\"}]},{\"@type\":\"WebSite\",\"@id\":\"https:\/\/ancientmythology.org\/pt\/#website\",\"url\":\"https:\/\/ancientmythology.org\/pt\/\",\"name\":\"Ancient Mythology\",\"description\":\"Descubra os segredos das mitologias mundiais!\",\"publisher\":{\"@id\":\"https:\/\/ancientmythology.org\/pt\/#organization\"},\"potentialAction\":[{\"@type\":\"SearchAction\",\"target\":{\"@type\":\"EntryPoint\",\"urlTemplate\":\"https:\/\/ancientmythology.org\/pt\/?s={search_term_string}\"},\"query-input\":\"required name=search_term_string\"}],\"inLanguage\":\"pt-BR\"},{\"@type\":\"Organization\",\"@id\":\"https:\/\/ancientmythology.org\/pt\/#organization\",\"name\":\"Ancient Mythology\",\"url\":\"https:\/\/ancientmythology.org\/pt\/\",\"logo\":{\"@type\":\"ImageObject\",\"inLanguage\":\"pt-BR\",\"@id\":\"https:\/\/ancientmythology.org\/pt\/#\/schema\/logo\/image\/\",\"url\":\"https:\/\/ancientmythology.org\/pt\/wp-content\/uploads\/2023\/10\/ancientmythology-logo.png\",\"contentUrl\":\"https:\/\/ancientmythology.org\/pt\/wp-content\/uploads\/2023\/10\/ancientmythology-logo.png\",\"width\":111,\"height\":50,\"caption\":\"Ancient Mythology\"},\"image\":{\"@id\":\"https:\/\/ancientmythology.org\/pt\/#\/schema\/logo\/image\/\"}}]}<\/script>\n<!-- \/ Yoast SEO plugin. -->","yoast_head_json":{"title":"Sobre n\u00f3s - Ancient Mythology","description":"Em Ancientmythology.org, explore os mist\u00e9rios fascinantes de deuses, seres, criaturas e hist\u00f3rias mitol\u00f3gicas.","robots":{"index":"index","follow":"follow","max-snippet":"max-snippet:-1","max-image-preview":"max-image-preview:large","max-video-preview":"max-video-preview:-1"},"canonical":"https:\/\/ancientmythology.org\/pt\/sobre\/","og_locale":"pt_BR","og_type":"article","og_title":"Sobre n\u00f3s - Ancient Mythology","og_description":"Em Ancientmythology.org, explore os mist\u00e9rios fascinantes de deuses, seres, criaturas e hist\u00f3rias mitol\u00f3gicas.","og_url":"https:\/\/ancientmythology.org\/pt\/sobre\/","og_site_name":"Ancient Mythology","article_modified_time":"2023-10-29T05:26:03+00:00","twitter_card":"summary_large_image","twitter_misc":{"Est. tempo de leitura":"2 minutos"},"schema":{"@context":"https:\/\/schema.org","@graph":[{"@type":"WebPage","@id":"https:\/\/ancientmythology.org\/pt\/sobre\/","url":"https:\/\/ancientmythology.org\/pt\/sobre\/","name":"Sobre n\u00f3s - Ancient Mythology","isPartOf":{"@id":"https:\/\/ancientmythology.org\/pt\/#website"},"datePublished":"2023-08-12T09:16:47+00:00","dateModified":"2023-10-29T05:26:03+00:00","description":"Em Ancientmythology.org, explore os mist\u00e9rios fascinantes de deuses, seres, criaturas e hist\u00f3rias mitol\u00f3gicas.","breadcrumb":{"@id":"https:\/\/ancientmythology.org\/pt\/sobre\/#breadcrumb"},"inLanguage":"pt-BR","potentialAction":[{"@type":"ReadAction","target":["https:\/\/ancientmythology.org\/pt\/sobre\/"]}]},{"@type":"BreadcrumbList","@id":"https:\/\/ancientmythology.org\/pt\/sobre\/#breadcrumb","itemListElement":[{"@type":"ListItem","position":1,"name":"Lar","item":"https:\/\/ancientmythology.org\/pt\/"},{"@type":"ListItem","position":2,"name":"Sobre n\u00f3s"}]},{"@type":"WebSite","@id":"https:\/\/ancientmythology.org\/pt\/#website","url":"https:\/\/ancientmythology.org\/pt\/","name":"Ancient Mythology","description":"Descubra os segredos das mitologias mundiais!","publisher":{"@id":"https:\/\/ancientmythology.org\/pt\/#organization"},"potentialAction":[{"@type":"SearchAction","target":{"@type":"EntryPoint","urlTemplate":"https:\/\/ancientmythology.org\/pt\/?s={search_term_string}"},"query-input":"required name=search_term_string"}],"inLanguage":"pt-BR"},{"@type":"Organization","@id":"https:\/\/ancientmythology.org\/pt\/#organization","name":"Ancient Mythology","url":"https:\/\/ancientmythology.org\/pt\/","logo":{"@type":"ImageObject","inLanguage":"pt-BR","@id":"https:\/\/ancientmythology.org\/pt\/#\/schema\/logo\/image\/","url":"https:\/\/ancientmythology.org\/pt\/wp-content\/uploads\/2023\/10\/ancientmythology-logo.png","contentUrl":"https:\/\/ancientmythology.org\/pt\/wp-content\/uploads\/2023\/10\/ancientmythology-logo.png","width":111,"height":50,"caption":"Ancient Mythology"},"image":{"@id":"https:\/\/ancientmythology.org\/pt\/#\/schema\/logo\/image\/"}}]}},"yoast_meta":{"yoast_wpseo_title":"","yoast_wpseo_metadesc":"","yoast_wpseo_canonical":""},"_links":{"self":[{"href":"https:\/\/ancientmythology.org\/pt\/wp-json\/wp\/v2\/pages\/424","targetHints":{"allow":["GET"]}}],"collection":[{"href":"https:\/\/ancientmythology.org\/pt\/wp-json\/wp\/v2\/pages"}],"about":[{"href":"https:\/\/ancientmythology.org\/pt\/wp-json\/wp\/v2\/types\/page"}],"author":[{"embeddable":true,"href":"https:\/\/ancientmythology.org\/pt\/wp-json\/wp\/v2\/users\/1"}],"replies":[{"embeddable":true,"href":"https:\/\/ancientmythology.org\/pt\/wp-json\/wp\/v2\/comments?post=424"}],"version-history":[{"count":1,"href":"https:\/\/ancientmythology.org\/pt\/wp-json\/wp\/v2\/pages\/424\/revisions"}],"predecessor-version":[{"id":436,"href":"https:\/\/ancientmythology.org\/pt\/wp-json\/wp\/v2\/pages\/424\/revisions\/436"}],"wp:attachment":[{"href":"https:\/\/ancientmythology.org\/pt\/wp-json\/wp\/v2\/media?parent=424"}],"curies":[{"name":"wp","href":"https:\/\/api.w.org\/{rel}","templated":true}]}}