{"id":398,"date":"2023-08-12T09:16:47","date_gmt":"2023-08-12T09:16:47","guid":{"rendered":"https:\/\/ancientmythology.org\/it\/di\/"},"modified":"2023-10-29T07:05:47","modified_gmt":"2023-10-29T07:05:47","slug":"di","status":"publish","type":"page","link":"https:\/\/ancientmythology.org\/it\/di\/","title":{"rendered":"Chi siamo"},"content":{"rendered":"<p style=\"text-align: justify;\">Benvenuti su AncientMythology.org!<\/p>\n<p style=\"text-align: justify;\">Siamo una risorsa online dedicata all&#8217;esplorazione del mondo della mitologia e della cultura antiche. La nostra missione \u00e8 fornire una piattaforma coinvolgente per i nostri visitatori per esplorare l&#8217;eccitante mondo della mitologia e conoscere la storia e la cultura di ogni tradizione mitologica.<\/p>\n<h2>Il nostro obiettivo<\/h2>\n<p style=\"text-align: justify;\">Ci sforziamo di avvicinare i nostri visitatori al mondo affascinante e spesso confuso di miti e leggende. Ci sforziamo anche di diventare la migliore fonte di racconti classici come quelli di Zeus, Ade, Poseidone e altri dei e dee greche e romane.<\/p>\n<p style=\"text-align: justify;\">Crediamo fermamente nel fornire ai nostri lettori una conoscenza accurata e ci sforziamo di portare chiarezza e comprensione su argomenti confusi. In definitiva, la nostra missione \u00e8 creare un&#8217;esperienza piacevole e unica nel regno del mito e del folklore che affasciner\u00e0 e intratterr\u00e0 i lettori di tutto il mondo.<\/p>\n<h2>I nostri contenuti<\/h2>\n<p style=\"text-align: justify;\">Che tu stia cercando una migliore comprensione degli dei e delle dee del tuo pantheon preferito, approfondendo le mitologie del mondo o semplicemente desideri saperne di pi\u00f9 sulle storie affascinanti dietro alcune delle nostre credenze e tradizioni pi\u00f9 antiche, siamo qui aiutare. fornirti le risorse di cui hai bisogno.<\/p>\n<p style=\"text-align: justify;\">Abbiamo trattato diversi argomenti, tra cui:<\/p>\n<p style=\"text-align: justify;\"><strong>Mitologia mondiale<\/strong> : comprende la raccolta di storie, credenze e costumi di un&#8217;ampia gamma di culture e civilt\u00e0 nel corso della storia.<\/p>\n<p style=\"text-align: justify;\"><strong>Dei della mitologia<\/strong> : scopriremo una variet\u00e0 di antichi dei e dee provenienti da diverse culture e tradizioni mentre esploriamo la mitologia.<\/p>\n<p style=\"text-align: justify;\"><strong>Esseri e creature della mitologia<\/strong> : acquisiremo una migliore comprensione degli esseri e delle creature delle storie greche, romane, egiziane e di altre storie mitologiche e scopriremo il loro ruolo in questi racconti.<\/p>\n<h2>La nostra squadra<\/h2>\n<p style=\"text-align: justify;\">Su AncientMythology.org, il nostro team di scrittori e ricercatori appassionati si impegna a fornirti contenuti diversi su argomenti mitologici. I nostri scrittori hanno una notevole esperienza nel campo della mitologia e si sforzano continuamente di fornire ai nostri lettori le informazioni pi\u00f9 recenti e accurate sulle culture antiche.<\/p>\n<p style=\"text-align: justify;\">Quando creiamo post e articoli, portiamo la nostra conoscenza approfondita e l&#8217;attenzione ai dettagli e all&#8217;accuratezza. Abbiamo analizzato meticolosamente le informazioni provenienti da migliaia di fonti per offrirti le informazioni pi\u00f9 complete sul Web.<\/p>\n<h2>Contattaci<\/h2>\n<p style=\"text-align: justify;\">Se hai una storia legata alla mitologia da raccontare, un&#8217;idea di cui discutere o vuoi semplicemente salutarci, ci piacerebbe sentire la tua opinione! Il tuo feedback \u00e8 essenziale per aiutarci a migliorare il nostro blog e creare contenuti migliori in futuro. Non esitate a contattarci tramite la nostra <a href=\"https:\/\/ancientmythology.org\/it\/contattaci\/\">pagina contatti<\/a> dedicata.<\/p>\n","protected":false},"excerpt":{"rendered":"<p>Benvenuti su AncientMythology.org! Siamo una risorsa online dedicata all&#8217;esplorazione del mondo della mitologia e della cultura antiche. La nostra missione \u00e8 fornire una piattaforma coinvolgente per i nostri visitatori per esplorare l&#8217;eccitante mondo della mitologia e conoscere la storia e la cultura di ogni tradizione mitologica. Il nostro obiettivo Ci sforziamo di avvicinare i nostri [&hellip;]<\/p>\n","protected":false},"author":1,"featured_media":0,"parent":0,"menu_order":0,"comment_status":"closed","ping_status":"closed","template":"","meta":{"footnotes":""},"class_list":["post-398","page","type-page","status-publish","hentry"],"yoast_head":"<!-- This site is optimized with the Yoast SEO plugin v21.4 - https:\/\/yoast.com\/wordpress\/plugins\/seo\/ -->\n<title>Chi siamo - Ancient Mythology<\/title>\n<meta name=\"description\" content=\"Su Ancientmythology.org, esplora gli affascinanti misteri di dei, esseri, creature e storie mitologiche.\" \/>\n<meta name=\"robots\" content=\"index, follow, max-snippet:-1, max-image-preview:large, max-video-preview:-1\" \/>\n<link rel=\"canonical\" href=\"https:\/\/ancientmythology.org\/it\/di\/\" \/>\n<meta property=\"og:locale\" content=\"it_IT\" \/>\n<meta property=\"og:type\" content=\"article\" \/>\n<meta property=\"og:title\" content=\"Chi siamo - Ancient Mythology\" \/>\n<meta property=\"og:description\" content=\"Su Ancientmythology.org, esplora gli affascinanti misteri di dei, esseri, creature e storie mitologiche.\" \/>\n<meta property=\"og:url\" content=\"https:\/\/ancientmythology.org\/it\/di\/\" \/>\n<meta property=\"og:site_name\" content=\"Ancient Mythology\" \/>\n<meta property=\"article:modified_time\" content=\"2023-10-29T07:05:47+00:00\" \/>\n<meta name=\"twitter:card\" content=\"summary_large_image\" \/>\n<meta name=\"twitter:label1\" content=\"Tempo di lettura stimato\" \/>\n\t<meta name=\"twitter:data1\" content=\"2 minuti\" \/>\n<script type=\"application\/ld+json\" class=\"yoast-schema-graph\">{\"@context\":\"https:\/\/schema.org\",\"@graph\":[{\"@type\":\"WebPage\",\"@id\":\"https:\/\/ancientmythology.org\/it\/di\/\",\"url\":\"https:\/\/ancientmythology.org\/it\/di\/\",\"name\":\"Chi siamo - Ancient Mythology\",\"isPartOf\":{\"@id\":\"https:\/\/ancientmythology.org\/it\/#website\"},\"datePublished\":\"2023-08-12T09:16:47+00:00\",\"dateModified\":\"2023-10-29T07:05:47+00:00\",\"description\":\"Su Ancientmythology.org, esplora gli affascinanti misteri di dei, esseri, creature e storie mitologiche.\",\"breadcrumb\":{\"@id\":\"https:\/\/ancientmythology.org\/it\/di\/#breadcrumb\"},\"inLanguage\":\"it-IT\",\"potentialAction\":[{\"@type\":\"ReadAction\",\"target\":[\"https:\/\/ancientmythology.org\/it\/di\/\"]}]},{\"@type\":\"BreadcrumbList\",\"@id\":\"https:\/\/ancientmythology.org\/it\/di\/#breadcrumb\",\"itemListElement\":[{\"@type\":\"ListItem\",\"position\":1,\"name\":\"Casa\",\"item\":\"https:\/\/ancientmythology.org\/it\/\"},{\"@type\":\"ListItem\",\"position\":2,\"name\":\"Chi siamo\"}]},{\"@type\":\"WebSite\",\"@id\":\"https:\/\/ancientmythology.org\/it\/#website\",\"url\":\"https:\/\/ancientmythology.org\/it\/\",\"name\":\"Ancient Mythology\",\"description\":\"Scopri i segreti delle mitologie del mondo!\",\"publisher\":{\"@id\":\"https:\/\/ancientmythology.org\/it\/#organization\"},\"potentialAction\":[{\"@type\":\"SearchAction\",\"target\":{\"@type\":\"EntryPoint\",\"urlTemplate\":\"https:\/\/ancientmythology.org\/it\/?s={search_term_string}\"},\"query-input\":\"required name=search_term_string\"}],\"inLanguage\":\"it-IT\"},{\"@type\":\"Organization\",\"@id\":\"https:\/\/ancientmythology.org\/it\/#organization\",\"name\":\"Ancient Mythology\",\"url\":\"https:\/\/ancientmythology.org\/it\/\",\"logo\":{\"@type\":\"ImageObject\",\"inLanguage\":\"it-IT\",\"@id\":\"https:\/\/ancientmythology.org\/it\/#\/schema\/logo\/image\/\",\"url\":\"https:\/\/ancientmythology.org\/it\/wp-content\/uploads\/2023\/10\/ancientmythology-logo.png\",\"contentUrl\":\"https:\/\/ancientmythology.org\/it\/wp-content\/uploads\/2023\/10\/ancientmythology-logo.png\",\"width\":111,\"height\":50,\"caption\":\"Ancient Mythology\"},\"image\":{\"@id\":\"https:\/\/ancientmythology.org\/it\/#\/schema\/logo\/image\/\"}}]}<\/script>\n<!-- \/ Yoast SEO plugin. -->","yoast_head_json":{"title":"Chi siamo - Ancient Mythology","description":"Su Ancientmythology.org, esplora gli affascinanti misteri di dei, esseri, creature e storie mitologiche.","robots":{"index":"index","follow":"follow","max-snippet":"max-snippet:-1","max-image-preview":"max-image-preview:large","max-video-preview":"max-video-preview:-1"},"canonical":"https:\/\/ancientmythology.org\/it\/di\/","og_locale":"it_IT","og_type":"article","og_title":"Chi siamo - Ancient Mythology","og_description":"Su Ancientmythology.org, esplora gli affascinanti misteri di dei, esseri, creature e storie mitologiche.","og_url":"https:\/\/ancientmythology.org\/it\/di\/","og_site_name":"Ancient Mythology","article_modified_time":"2023-10-29T07:05:47+00:00","twitter_card":"summary_large_image","twitter_misc":{"Tempo di lettura stimato":"2 minuti"},"schema":{"@context":"https:\/\/schema.org","@graph":[{"@type":"WebPage","@id":"https:\/\/ancientmythology.org\/it\/di\/","url":"https:\/\/ancientmythology.org\/it\/di\/","name":"Chi siamo - Ancient Mythology","isPartOf":{"@id":"https:\/\/ancientmythology.org\/it\/#website"},"datePublished":"2023-08-12T09:16:47+00:00","dateModified":"2023-10-29T07:05:47+00:00","description":"Su Ancientmythology.org, esplora gli affascinanti misteri di dei, esseri, creature e storie mitologiche.","breadcrumb":{"@id":"https:\/\/ancientmythology.org\/it\/di\/#breadcrumb"},"inLanguage":"it-IT","potentialAction":[{"@type":"ReadAction","target":["https:\/\/ancientmythology.org\/it\/di\/"]}]},{"@type":"BreadcrumbList","@id":"https:\/\/ancientmythology.org\/it\/di\/#breadcrumb","itemListElement":[{"@type":"ListItem","position":1,"name":"Casa","item":"https:\/\/ancientmythology.org\/it\/"},{"@type":"ListItem","position":2,"name":"Chi siamo"}]},{"@type":"WebSite","@id":"https:\/\/ancientmythology.org\/it\/#website","url":"https:\/\/ancientmythology.org\/it\/","name":"Ancient Mythology","description":"Scopri i segreti delle mitologie del mondo!","publisher":{"@id":"https:\/\/ancientmythology.org\/it\/#organization"},"potentialAction":[{"@type":"SearchAction","target":{"@type":"EntryPoint","urlTemplate":"https:\/\/ancientmythology.org\/it\/?s={search_term_string}"},"query-input":"required name=search_term_string"}],"inLanguage":"it-IT"},{"@type":"Organization","@id":"https:\/\/ancientmythology.org\/it\/#organization","name":"Ancient Mythology","url":"https:\/\/ancientmythology.org\/it\/","logo":{"@type":"ImageObject","inLanguage":"it-IT","@id":"https:\/\/ancientmythology.org\/it\/#\/schema\/logo\/image\/","url":"https:\/\/ancientmythology.org\/it\/wp-content\/uploads\/2023\/10\/ancientmythology-logo.png","contentUrl":"https:\/\/ancientmythology.org\/it\/wp-content\/uploads\/2023\/10\/ancientmythology-logo.png","width":111,"height":50,"caption":"Ancient Mythology"},"image":{"@id":"https:\/\/ancientmythology.org\/it\/#\/schema\/logo\/image\/"}}]}},"yoast_meta":{"yoast_wpseo_title":"","yoast_wpseo_metadesc":"","yoast_wpseo_canonical":""},"_links":{"self":[{"href":"https:\/\/ancientmythology.org\/it\/wp-json\/wp\/v2\/pages\/398","targetHints":{"allow":["GET"]}}],"collection":[{"href":"https:\/\/ancientmythology.org\/it\/wp-json\/wp\/v2\/pages"}],"about":[{"href":"https:\/\/ancientmythology.org\/it\/wp-json\/wp\/v2\/types\/page"}],"author":[{"embeddable":true,"href":"https:\/\/ancientmythology.org\/it\/wp-json\/wp\/v2\/users\/1"}],"replies":[{"embeddable":true,"href":"https:\/\/ancientmythology.org\/it\/wp-json\/wp\/v2\/comments?post=398"}],"version-history":[{"count":1,"href":"https:\/\/ancientmythology.org\/it\/wp-json\/wp\/v2\/pages\/398\/revisions"}],"predecessor-version":[{"id":565,"href":"https:\/\/ancientmythology.org\/it\/wp-json\/wp\/v2\/pages\/398\/revisions\/565"}],"wp:attachment":[{"href":"https:\/\/ancientmythology.org\/it\/wp-json\/wp\/v2\/media?parent=398"}],"curies":[{"name":"wp","href":"https:\/\/api.w.org\/{rel}","templated":true}]}}