{"id":417,"date":"2023-10-25T00:50:47","date_gmt":"2023-10-25T00:50:47","guid":{"rendered":"https:\/\/ancientmythology.org\/de\/kontaktiere-uns\/"},"modified":"2023-10-25T05:39:29","modified_gmt":"2023-10-25T05:39:29","slug":"kontaktiere-uns","status":"publish","type":"page","link":"https:\/\/ancientmythology.org\/de\/kontaktiere-uns\/","title":{"rendered":"Kontaktiere uns"},"content":{"rendered":"<p>Vielen Dank f\u00fcr Ihren Besuch auf <a href=\"https:\/\/ancientmythology.org\/de\">AncientMythology.org<\/a>.<\/p>\n<p>Wir freuen uns \u00fcber Ihr Interesse und freuen uns \u00fcber Ihre Kommentare, Vorschl\u00e4ge oder Anfragen. Wir sind hier, um unseren Lesern zuzuh\u00f6ren, sie zu engagieren und mit ihnen zu kommunizieren. Z\u00f6gern Sie also nicht, uns \u00fcber das folgende Formular zu kontaktieren:<\/p>\n<p><iframe loading=\"lazy\" src=\"https:\/\/docs.google.com\/forms\/d\/e\/1FAIpQLSfJ7ATFwlxWTvNlEvpOyHao0n8HqetvraDQdCrv2VqP8WGVGQ\/viewform?embedded=true\" width=\"640\" height=\"759\" frameborder=\"0\" marginwidth=\"0\" marginheight=\"0\">Loading\u2026<\/iframe><\/p>\n","protected":false},"excerpt":{"rendered":"<p>Vielen Dank f\u00fcr Ihren Besuch auf AncientMythology.org. Wir freuen uns \u00fcber Ihr Interesse und freuen uns \u00fcber Ihre Kommentare, Vorschl\u00e4ge oder Anfragen. Wir sind hier, um unseren Lesern zuzuh\u00f6ren, sie zu engagieren und mit ihnen zu kommunizieren. Z\u00f6gern Sie also nicht, uns \u00fcber das folgende Formular zu kontaktieren: Loading\u2026<\/p>\n","protected":false},"author":1,"featured_media":0,"parent":0,"menu_order":0,"comment_status":"closed","ping_status":"closed","template":"","meta":{"footnotes":""},"class_list":["post-417","page","type-page","status-publish","hentry"],"yoast_head":"<!-- This site is optimized with the Yoast SEO plugin v27.4 - https:\/\/yoast.com\/product\/yoast-seo-wordpress\/ -->\n<title>Kontaktiere uns - Ancient Mythology<\/title>\n<meta name=\"description\" content=\"Wir freuen uns \u00fcber Ihr Interesse und freuen uns \u00fcber Ihre Kommentare, Anregungen oder Anfragen. Sie k\u00f6nnen uns erreichen, indem Sie einfach\" \/>\n<meta name=\"robots\" content=\"index, follow, max-snippet:-1, max-image-preview:large, max-video-preview:-1\" \/>\n<link rel=\"canonical\" href=\"https:\/\/ancientmythology.org\/de\/kontaktiere-uns\/\" \/>\n<meta property=\"og:locale\" content=\"de_DE\" \/>\n<meta property=\"og:type\" content=\"article\" \/>\n<meta property=\"og:title\" content=\"Kontaktiere uns - Ancient Mythology\" \/>\n<meta property=\"og:description\" content=\"Wir freuen uns \u00fcber Ihr Interesse und freuen uns \u00fcber Ihre Kommentare, Anregungen oder Anfragen. Sie k\u00f6nnen uns erreichen, indem Sie einfach\" \/>\n<meta property=\"og:url\" content=\"https:\/\/ancientmythology.org\/de\/kontaktiere-uns\/\" \/>\n<meta property=\"og:site_name\" content=\"Ancient Mythology\" \/>\n<meta property=\"article:modified_time\" content=\"2023-10-25T05:39:29+00:00\" \/>\n<meta name=\"twitter:card\" content=\"summary_large_image\" \/>\n<meta name=\"twitter:label1\" content=\"Gesch\u00e4tzte Lesezeit\" \/>\n\t<meta name=\"twitter:data1\" content=\"1\u00a0Minute\" \/>\n<script type=\"application\/ld+json\" class=\"yoast-schema-graph\">{\"@context\":\"https:\\\/\\\/schema.org\",\"@graph\":[{\"@type\":\"WebPage\",\"@id\":\"https:\\\/\\\/ancientmythology.org\\\/de\\\/kontaktiere-uns\\\/\",\"url\":\"https:\\\/\\\/ancientmythology.org\\\/de\\\/kontaktiere-uns\\\/\",\"name\":\"Kontaktiere uns - Ancient Mythology\",\"isPartOf\":{\"@id\":\"https:\\\/\\\/ancientmythology.org\\\/de\\\/#website\"},\"datePublished\":\"2023-10-25T00:50:47+00:00\",\"dateModified\":\"2023-10-25T05:39:29+00:00\",\"description\":\"Wir freuen uns \u00fcber Ihr Interesse und freuen uns \u00fcber Ihre Kommentare, Anregungen oder Anfragen. Sie k\u00f6nnen uns erreichen, indem Sie einfach\",\"breadcrumb\":{\"@id\":\"https:\\\/\\\/ancientmythology.org\\\/de\\\/kontaktiere-uns\\\/#breadcrumb\"},\"inLanguage\":\"de\",\"potentialAction\":[{\"@type\":\"ReadAction\",\"target\":[\"https:\\\/\\\/ancientmythology.org\\\/de\\\/kontaktiere-uns\\\/\"]}]},{\"@type\":\"BreadcrumbList\",\"@id\":\"https:\\\/\\\/ancientmythology.org\\\/de\\\/kontaktiere-uns\\\/#breadcrumb\",\"itemListElement\":[{\"@type\":\"ListItem\",\"position\":1,\"name\":\"Heim\",\"item\":\"https:\\\/\\\/ancientmythology.org\\\/de\\\/\"},{\"@type\":\"ListItem\",\"position\":2,\"name\":\"Kontaktiere uns\"}]},{\"@type\":\"WebSite\",\"@id\":\"https:\\\/\\\/ancientmythology.org\\\/de\\\/#website\",\"url\":\"https:\\\/\\\/ancientmythology.org\\\/de\\\/\",\"name\":\"Ancient Mythology\",\"description\":\"Entdecken Sie die Geheimnisse der Weltmythologie!\",\"publisher\":{\"@id\":\"https:\\\/\\\/ancientmythology.org\\\/de\\\/#organization\"},\"potentialAction\":[{\"@type\":\"SearchAction\",\"target\":{\"@type\":\"EntryPoint\",\"urlTemplate\":\"https:\\\/\\\/ancientmythology.org\\\/de\\\/?s={search_term_string}\"},\"query-input\":{\"@type\":\"PropertyValueSpecification\",\"valueRequired\":true,\"valueName\":\"search_term_string\"}}],\"inLanguage\":\"de\"},{\"@type\":\"Organization\",\"@id\":\"https:\\\/\\\/ancientmythology.org\\\/de\\\/#organization\",\"name\":\"Ancient Mythology\",\"url\":\"https:\\\/\\\/ancientmythology.org\\\/de\\\/\",\"logo\":{\"@type\":\"ImageObject\",\"inLanguage\":\"de\",\"@id\":\"https:\\\/\\\/ancientmythology.org\\\/de\\\/#\\\/schema\\\/logo\\\/image\\\/\",\"url\":\"https:\\\/\\\/ancientmythology.org\\\/de\\\/wp-content\\\/uploads\\\/2023\\\/10\\\/ancientmythology-logo.png\",\"contentUrl\":\"https:\\\/\\\/ancientmythology.org\\\/de\\\/wp-content\\\/uploads\\\/2023\\\/10\\\/ancientmythology-logo.png\",\"width\":111,\"height\":50,\"caption\":\"Ancient Mythology\"},\"image\":{\"@id\":\"https:\\\/\\\/ancientmythology.org\\\/de\\\/#\\\/schema\\\/logo\\\/image\\\/\"}}]}<\/script>\n<!-- \/ Yoast SEO plugin. -->","yoast_head_json":{"title":"Kontaktiere uns - Ancient Mythology","description":"Wir freuen uns \u00fcber Ihr Interesse und freuen uns \u00fcber Ihre Kommentare, Anregungen oder Anfragen. Sie k\u00f6nnen uns erreichen, indem Sie einfach","robots":{"index":"index","follow":"follow","max-snippet":"max-snippet:-1","max-image-preview":"max-image-preview:large","max-video-preview":"max-video-preview:-1"},"canonical":"https:\/\/ancientmythology.org\/de\/kontaktiere-uns\/","og_locale":"de_DE","og_type":"article","og_title":"Kontaktiere uns - Ancient Mythology","og_description":"Wir freuen uns \u00fcber Ihr Interesse und freuen uns \u00fcber Ihre Kommentare, Anregungen oder Anfragen. Sie k\u00f6nnen uns erreichen, indem Sie einfach","og_url":"https:\/\/ancientmythology.org\/de\/kontaktiere-uns\/","og_site_name":"Ancient Mythology","article_modified_time":"2023-10-25T05:39:29+00:00","twitter_card":"summary_large_image","twitter_misc":{"Gesch\u00e4tzte Lesezeit":"1\u00a0Minute"},"schema":{"@context":"https:\/\/schema.org","@graph":[{"@type":"WebPage","@id":"https:\/\/ancientmythology.org\/de\/kontaktiere-uns\/","url":"https:\/\/ancientmythology.org\/de\/kontaktiere-uns\/","name":"Kontaktiere uns - Ancient Mythology","isPartOf":{"@id":"https:\/\/ancientmythology.org\/de\/#website"},"datePublished":"2023-10-25T00:50:47+00:00","dateModified":"2023-10-25T05:39:29+00:00","description":"Wir freuen uns \u00fcber Ihr Interesse und freuen uns \u00fcber Ihre Kommentare, Anregungen oder Anfragen. Sie k\u00f6nnen uns erreichen, indem Sie einfach","breadcrumb":{"@id":"https:\/\/ancientmythology.org\/de\/kontaktiere-uns\/#breadcrumb"},"inLanguage":"de","potentialAction":[{"@type":"ReadAction","target":["https:\/\/ancientmythology.org\/de\/kontaktiere-uns\/"]}]},{"@type":"BreadcrumbList","@id":"https:\/\/ancientmythology.org\/de\/kontaktiere-uns\/#breadcrumb","itemListElement":[{"@type":"ListItem","position":1,"name":"Heim","item":"https:\/\/ancientmythology.org\/de\/"},{"@type":"ListItem","position":2,"name":"Kontaktiere uns"}]},{"@type":"WebSite","@id":"https:\/\/ancientmythology.org\/de\/#website","url":"https:\/\/ancientmythology.org\/de\/","name":"Ancient Mythology","description":"Entdecken Sie die Geheimnisse der Weltmythologie!","publisher":{"@id":"https:\/\/ancientmythology.org\/de\/#organization"},"potentialAction":[{"@type":"SearchAction","target":{"@type":"EntryPoint","urlTemplate":"https:\/\/ancientmythology.org\/de\/?s={search_term_string}"},"query-input":{"@type":"PropertyValueSpecification","valueRequired":true,"valueName":"search_term_string"}}],"inLanguage":"de"},{"@type":"Organization","@id":"https:\/\/ancientmythology.org\/de\/#organization","name":"Ancient Mythology","url":"https:\/\/ancientmythology.org\/de\/","logo":{"@type":"ImageObject","inLanguage":"de","@id":"https:\/\/ancientmythology.org\/de\/#\/schema\/logo\/image\/","url":"https:\/\/ancientmythology.org\/de\/wp-content\/uploads\/2023\/10\/ancientmythology-logo.png","contentUrl":"https:\/\/ancientmythology.org\/de\/wp-content\/uploads\/2023\/10\/ancientmythology-logo.png","width":111,"height":50,"caption":"Ancient Mythology"},"image":{"@id":"https:\/\/ancientmythology.org\/de\/#\/schema\/logo\/image\/"}}]}},"yoast_meta":{"yoast_wpseo_title":"","yoast_wpseo_metadesc":"","yoast_wpseo_canonical":""},"_links":{"self":[{"href":"https:\/\/ancientmythology.org\/de\/wp-json\/wp\/v2\/pages\/417","targetHints":{"allow":["GET"]}}],"collection":[{"href":"https:\/\/ancientmythology.org\/de\/wp-json\/wp\/v2\/pages"}],"about":[{"href":"https:\/\/ancientmythology.org\/de\/wp-json\/wp\/v2\/types\/page"}],"author":[{"embeddable":true,"href":"https:\/\/ancientmythology.org\/de\/wp-json\/wp\/v2\/users\/1"}],"replies":[{"embeddable":true,"href":"https:\/\/ancientmythology.org\/de\/wp-json\/wp\/v2\/comments?post=417"}],"version-history":[{"count":2,"href":"https:\/\/ancientmythology.org\/de\/wp-json\/wp\/v2\/pages\/417\/revisions"}],"predecessor-version":[{"id":459,"href":"https:\/\/ancientmythology.org\/de\/wp-json\/wp\/v2\/pages\/417\/revisions\/459"}],"wp:attachment":[{"href":"https:\/\/ancientmythology.org\/de\/wp-json\/wp\/v2\/media?parent=417"}],"curies":[{"name":"wp","href":"https:\/\/api.w.org\/{rel}","templated":true}]}}