{"id":416,"date":"2023-08-12T09:16:47","date_gmt":"2023-08-12T09:16:47","guid":{"rendered":"https:\/\/ancientmythology.org\/de\/um\/"},"modified":"2023-10-25T05:29:50","modified_gmt":"2023-10-25T05:29:50","slug":"um","status":"publish","type":"page","link":"https:\/\/ancientmythology.org\/de\/um\/","title":{"rendered":"\u00dcber uns"},"content":{"rendered":"<p style=\"text-align: justify;\">Bienvenue sur AncientMythology.org !<\/p>\n<p style=\"text-align: justify;\">Nous sommes une ressource en ligne d\u00e9di\u00e9e \u00e0 l\u2019exploration du monde de la mythologie et de la culture anciennes. Notre mission est de fournir une plate-forme attrayante \u00e0 nos visiteurs pour explorer le monde passionnant de la mythologie et en apprendre davantage sur l\u2019histoire et la culture de chaque tradition mythologique.<\/p>\n<h2>Notre objectif<\/h2>\n<p style=\"text-align: justify;\">Nous nous effor\u00e7ons de rapprocher nos visiteurs du monde fascinant et souvent d\u00e9routant des mythes et l\u00e9gendes. Nous nous effor\u00e7ons \u00e9galement de devenir la meilleure source de contes classiques comme ceux de Zeus, Had\u00e8s, Pos\u00e9idon et d\u2019autres dieux et d\u00e9esses grecs et romains.<\/p>\n<p style=\"text-align: justify;\">Nous croyons fermement en l\u2019importance de fournir \u00e0 nos lecteurs des connaissances pr\u00e9cises et nous nous effor\u00e7ons d\u2019apporter clart\u00e9 et compr\u00e9hension aux sujets d\u00e9routants. En fin de compte, notre mission est de cr\u00e9er une exp\u00e9rience agr\u00e9able et unique dans le domaine du mythe et du folklore qui captivera et divertira les lecteurs du monde entier.<\/p>\n<h2>Notre contenu<\/h2>\n<p style=\"text-align: justify;\">Que vous recherchiez une meilleure compr\u00e9hension des dieux et des d\u00e9esses de votre panth\u00e9on pr\u00e9f\u00e9r\u00e9, plongez dans les mythologies du monde, ou que vous vouliez simplement en savoir plus sur les histoires fascinantes derri\u00e8re certaines de nos croyances et traditions les plus anciennes, nous sommes l\u00e0 pour vous fournir les ressources dont vous avez besoin.<\/p>\n<p style=\"text-align: justify;\">Nous avons abord\u00e9 plusieurs sujets, notamment :<\/p>\n<p style=\"text-align: justify;\"><strong>Mythologie du monde<\/strong>: Il englobe la collection d\u2019histoires, de croyances et de coutumes d\u2019un large \u00e9ventail de cultures et de civilisations \u00e0 travers l\u2019histoire.<\/p>\n<p style=\"text-align: justify;\"><strong>Dieux de la mythologie<\/strong>: Nous d\u00e9couvrirons une vari\u00e9t\u00e9 d\u2019anciens dieux et d\u00e9esses de diff\u00e9rentes cultures et traditions en explorant la mythologie.<\/p>\n<p style=\"text-align: justify;\"><strong>\u00catres et cr\u00e9atures de la mythologie<\/strong>: Nous acquerrons une meilleure compr\u00e9hension des \u00eatres et des cr\u00e9atures des histoires mythologiques grecques, romaines, \u00e9gyptiennes et autres et d\u00e9couvrirons leur r\u00f4le dans ces contes.<\/p>\n<h2>Notre \u00e9quipe<\/h2>\n<p style=\"text-align: justify;\">Chez AncientMythology.org, notre \u00e9quipe d\u2019\u00e9crivains et de chercheurs passionn\u00e9s s\u2019engage \u00e0 vous fournir un contenu diversifi\u00e9 sur des sujets mythologiques. Nos \u00e9crivains poss\u00e8dent une exp\u00e9rience consid\u00e9rable dans le domaine de la mythologie et s\u2019efforcent continuellement d\u2019informer nos lecteurs avec les informations les plus r\u00e9centes et les plus pr\u00e9cises sur les cultures anciennes.<\/p>\n<p style=\"text-align: justify;\">Lorsque nous cr\u00e9ons des publications et des articles, nous apportons nos connaissances approfondies et notre souci du d\u00e9tail et de la pr\u00e9cision. \u00c0 partir de milliers de sources, nous avons m\u00e9ticuleusement parcouru les informations pour vous fournir les informations les plus compl\u00e8tes sur le Web.<\/p>\n<h2>Contactez-nous<\/h2>\n<p style=\"text-align: justify;\">Si vous avez une histoire li\u00e9e \u00e0 la mythologie \u00e0 raconter, une id\u00e9e \u00e0 discuter ou si vous voulez simplement dire bonjour, nous serions ravis de vous entendre\u00a0! Vos commentaires sont essentiels pour nous aider \u00e0 am\u00e9liorer notre blog et \u00e0 cr\u00e9er un meilleur contenu \u00e0 l\u2019avenir. N\u2019h\u00e9sitez pas \u00e0 nous contacter via notre <a href=\"https:\/\/ancientmythology.org\/de\/kontaktiere-uns\/\">page de contact<\/a> d\u00e9di\u00e9e.<\/p>\n","protected":false},"excerpt":{"rendered":"<p>Bienvenue sur AncientMythology.org ! Nous sommes une ressource en ligne d\u00e9di\u00e9e \u00e0 l\u2019exploration du monde de la mythologie et de la culture anciennes. Notre mission est de fournir une plate-forme attrayante \u00e0 nos visiteurs pour explorer le monde passionnant de la mythologie et en apprendre davantage sur l\u2019histoire et la culture de chaque tradition mythologique. [&hellip;]<\/p>\n","protected":false},"author":1,"featured_media":0,"parent":0,"menu_order":0,"comment_status":"closed","ping_status":"closed","template":"","meta":{"footnotes":""},"class_list":["post-416","page","type-page","status-publish","hentry"],"yoast_head":"<!-- This site is optimized with the Yoast SEO plugin v27.5 - https:\/\/yoast.com\/product\/yoast-seo-wordpress\/ -->\n<title>\u00dcber uns - Ancient Mythology<\/title>\n<meta name=\"description\" content=\"Entdecken Sie auf Ancientmythology.org die faszinierenden Geheimnisse von G\u00f6ttern, Wesen, Kreaturen und mythologischen Geschichten.\" \/>\n<meta name=\"robots\" content=\"index, follow, max-snippet:-1, max-image-preview:large, max-video-preview:-1\" \/>\n<link rel=\"canonical\" href=\"https:\/\/ancientmythology.org\/de\/um\/\" \/>\n<meta property=\"og:locale\" content=\"de_DE\" \/>\n<meta property=\"og:type\" content=\"article\" \/>\n<meta property=\"og:title\" content=\"\u00dcber uns - Ancient Mythology\" \/>\n<meta property=\"og:description\" content=\"Entdecken Sie auf Ancientmythology.org die faszinierenden Geheimnisse von G\u00f6ttern, Wesen, Kreaturen und mythologischen Geschichten.\" \/>\n<meta property=\"og:url\" content=\"https:\/\/ancientmythology.org\/de\/um\/\" \/>\n<meta property=\"og:site_name\" content=\"Ancient Mythology\" \/>\n<meta property=\"article:modified_time\" content=\"2023-10-25T05:29:50+00:00\" \/>\n<meta name=\"twitter:card\" content=\"summary_large_image\" \/>\n<meta name=\"twitter:label1\" content=\"Gesch\u00e4tzte Lesezeit\" \/>\n\t<meta name=\"twitter:data1\" content=\"2\u00a0Minuten\" \/>\n<script type=\"application\/ld+json\" class=\"yoast-schema-graph\">{\"@context\":\"https:\\\/\\\/schema.org\",\"@graph\":[{\"@type\":\"WebPage\",\"@id\":\"https:\\\/\\\/ancientmythology.org\\\/de\\\/um\\\/\",\"url\":\"https:\\\/\\\/ancientmythology.org\\\/de\\\/um\\\/\",\"name\":\"\u00dcber uns - Ancient Mythology\",\"isPartOf\":{\"@id\":\"https:\\\/\\\/ancientmythology.org\\\/de\\\/#website\"},\"datePublished\":\"2023-08-12T09:16:47+00:00\",\"dateModified\":\"2023-10-25T05:29:50+00:00\",\"description\":\"Entdecken Sie auf Ancientmythology.org die faszinierenden Geheimnisse von G\u00f6ttern, Wesen, Kreaturen und mythologischen Geschichten.\",\"breadcrumb\":{\"@id\":\"https:\\\/\\\/ancientmythology.org\\\/de\\\/um\\\/#breadcrumb\"},\"inLanguage\":\"de\",\"potentialAction\":[{\"@type\":\"ReadAction\",\"target\":[\"https:\\\/\\\/ancientmythology.org\\\/de\\\/um\\\/\"]}]},{\"@type\":\"BreadcrumbList\",\"@id\":\"https:\\\/\\\/ancientmythology.org\\\/de\\\/um\\\/#breadcrumb\",\"itemListElement\":[{\"@type\":\"ListItem\",\"position\":1,\"name\":\"Heim\",\"item\":\"https:\\\/\\\/ancientmythology.org\\\/de\\\/\"},{\"@type\":\"ListItem\",\"position\":2,\"name\":\"\u00dcber uns\"}]},{\"@type\":\"WebSite\",\"@id\":\"https:\\\/\\\/ancientmythology.org\\\/de\\\/#website\",\"url\":\"https:\\\/\\\/ancientmythology.org\\\/de\\\/\",\"name\":\"Ancient Mythology\",\"description\":\"Entdecken Sie die Geheimnisse der Weltmythologie!\",\"publisher\":{\"@id\":\"https:\\\/\\\/ancientmythology.org\\\/de\\\/#organization\"},\"potentialAction\":[{\"@type\":\"SearchAction\",\"target\":{\"@type\":\"EntryPoint\",\"urlTemplate\":\"https:\\\/\\\/ancientmythology.org\\\/de\\\/?s={search_term_string}\"},\"query-input\":{\"@type\":\"PropertyValueSpecification\",\"valueRequired\":true,\"valueName\":\"search_term_string\"}}],\"inLanguage\":\"de\"},{\"@type\":\"Organization\",\"@id\":\"https:\\\/\\\/ancientmythology.org\\\/de\\\/#organization\",\"name\":\"Ancient Mythology\",\"url\":\"https:\\\/\\\/ancientmythology.org\\\/de\\\/\",\"logo\":{\"@type\":\"ImageObject\",\"inLanguage\":\"de\",\"@id\":\"https:\\\/\\\/ancientmythology.org\\\/de\\\/#\\\/schema\\\/logo\\\/image\\\/\",\"url\":\"https:\\\/\\\/ancientmythology.org\\\/de\\\/wp-content\\\/uploads\\\/2023\\\/10\\\/ancientmythology-logo.png\",\"contentUrl\":\"https:\\\/\\\/ancientmythology.org\\\/de\\\/wp-content\\\/uploads\\\/2023\\\/10\\\/ancientmythology-logo.png\",\"width\":111,\"height\":50,\"caption\":\"Ancient Mythology\"},\"image\":{\"@id\":\"https:\\\/\\\/ancientmythology.org\\\/de\\\/#\\\/schema\\\/logo\\\/image\\\/\"}}]}<\/script>\n<!-- \/ Yoast SEO plugin. -->","yoast_head_json":{"title":"\u00dcber uns - Ancient Mythology","description":"Entdecken Sie auf Ancientmythology.org die faszinierenden Geheimnisse von G\u00f6ttern, Wesen, Kreaturen und mythologischen Geschichten.","robots":{"index":"index","follow":"follow","max-snippet":"max-snippet:-1","max-image-preview":"max-image-preview:large","max-video-preview":"max-video-preview:-1"},"canonical":"https:\/\/ancientmythology.org\/de\/um\/","og_locale":"de_DE","og_type":"article","og_title":"\u00dcber uns - Ancient Mythology","og_description":"Entdecken Sie auf Ancientmythology.org die faszinierenden Geheimnisse von G\u00f6ttern, Wesen, Kreaturen und mythologischen Geschichten.","og_url":"https:\/\/ancientmythology.org\/de\/um\/","og_site_name":"Ancient Mythology","article_modified_time":"2023-10-25T05:29:50+00:00","twitter_card":"summary_large_image","twitter_misc":{"Gesch\u00e4tzte Lesezeit":"2\u00a0Minuten"},"schema":{"@context":"https:\/\/schema.org","@graph":[{"@type":"WebPage","@id":"https:\/\/ancientmythology.org\/de\/um\/","url":"https:\/\/ancientmythology.org\/de\/um\/","name":"\u00dcber uns - Ancient Mythology","isPartOf":{"@id":"https:\/\/ancientmythology.org\/de\/#website"},"datePublished":"2023-08-12T09:16:47+00:00","dateModified":"2023-10-25T05:29:50+00:00","description":"Entdecken Sie auf Ancientmythology.org die faszinierenden Geheimnisse von G\u00f6ttern, Wesen, Kreaturen und mythologischen Geschichten.","breadcrumb":{"@id":"https:\/\/ancientmythology.org\/de\/um\/#breadcrumb"},"inLanguage":"de","potentialAction":[{"@type":"ReadAction","target":["https:\/\/ancientmythology.org\/de\/um\/"]}]},{"@type":"BreadcrumbList","@id":"https:\/\/ancientmythology.org\/de\/um\/#breadcrumb","itemListElement":[{"@type":"ListItem","position":1,"name":"Heim","item":"https:\/\/ancientmythology.org\/de\/"},{"@type":"ListItem","position":2,"name":"\u00dcber uns"}]},{"@type":"WebSite","@id":"https:\/\/ancientmythology.org\/de\/#website","url":"https:\/\/ancientmythology.org\/de\/","name":"Ancient Mythology","description":"Entdecken Sie die Geheimnisse der Weltmythologie!","publisher":{"@id":"https:\/\/ancientmythology.org\/de\/#organization"},"potentialAction":[{"@type":"SearchAction","target":{"@type":"EntryPoint","urlTemplate":"https:\/\/ancientmythology.org\/de\/?s={search_term_string}"},"query-input":{"@type":"PropertyValueSpecification","valueRequired":true,"valueName":"search_term_string"}}],"inLanguage":"de"},{"@type":"Organization","@id":"https:\/\/ancientmythology.org\/de\/#organization","name":"Ancient Mythology","url":"https:\/\/ancientmythology.org\/de\/","logo":{"@type":"ImageObject","inLanguage":"de","@id":"https:\/\/ancientmythology.org\/de\/#\/schema\/logo\/image\/","url":"https:\/\/ancientmythology.org\/de\/wp-content\/uploads\/2023\/10\/ancientmythology-logo.png","contentUrl":"https:\/\/ancientmythology.org\/de\/wp-content\/uploads\/2023\/10\/ancientmythology-logo.png","width":111,"height":50,"caption":"Ancient Mythology"},"image":{"@id":"https:\/\/ancientmythology.org\/de\/#\/schema\/logo\/image\/"}}]}},"yoast_meta":{"yoast_wpseo_title":"","yoast_wpseo_metadesc":"","yoast_wpseo_canonical":""},"_links":{"self":[{"href":"https:\/\/ancientmythology.org\/de\/wp-json\/wp\/v2\/pages\/416","targetHints":{"allow":["GET"]}}],"collection":[{"href":"https:\/\/ancientmythology.org\/de\/wp-json\/wp\/v2\/pages"}],"about":[{"href":"https:\/\/ancientmythology.org\/de\/wp-json\/wp\/v2\/types\/page"}],"author":[{"embeddable":true,"href":"https:\/\/ancientmythology.org\/de\/wp-json\/wp\/v2\/users\/1"}],"replies":[{"embeddable":true,"href":"https:\/\/ancientmythology.org\/de\/wp-json\/wp\/v2\/comments?post=416"}],"version-history":[{"count":2,"href":"https:\/\/ancientmythology.org\/de\/wp-json\/wp\/v2\/pages\/416\/revisions"}],"predecessor-version":[{"id":469,"href":"https:\/\/ancientmythology.org\/de\/wp-json\/wp\/v2\/pages\/416\/revisions\/469"}],"wp:attachment":[{"href":"https:\/\/ancientmythology.org\/de\/wp-json\/wp\/v2\/media?parent=416"}],"curies":[{"name":"wp","href":"https:\/\/api.w.org\/{rel}","templated":true}]}}